{"id":1206,"date":"2017-01-31T14:25:55","date_gmt":"2017-01-31T18:25:55","guid":{"rendered":"http:\/\/marianomoreno.gob.ec\/azuay\/?page_id=1206"},"modified":"2018-04-27T17:55:14","modified_gmt":"2018-04-27T21:55:14","slug":"rendicion-de-cuentas-2017","status":"publish","type":"page","link":"https:\/\/marianomoreno.gob.ec\/azuay\/rendicion-de-cuentas-2017\/","title":{"rendered":"Rendici\u00f3n de Cuentas 2017"},"content":{"rendered":"<p><img loading=\"lazy\" decoding=\"async\" class=\"alignnone size-full wp-image-1637\" src=\"http:\/\/marianomoreno.gob.ec\/azuay\/wp-content\/uploads\/2017\/01\/invitacion-rendicion-de-cuentas-2017.png\" alt=\"\" width=\"443\" height=\"502\" data-id=\"1637\" \/><\/p>\n<p>SERVICIOS DE PUBLICIDAD DEL A\u00d1O 2017<\/p>\n<p>FASE 1<\/p>\n<p><a href=\"http:\/\/marianomoreno.gob.ec\/azuay\/wp-content\/uploads\/2017\/01\/convocatoria.pdf\">convocatoria<\/a><\/p>\n<p><a href=\"http:\/\/marianomoreno.gob.ec\/azuay\/wp-content\/uploads\/2017\/01\/acta-equipo-t\u00e9cnico.pdf\">acta equipo t\u00e9cnico<\/a><\/p>\n<p><a href=\"http:\/\/marianomoreno.gob.ec\/azuay\/wp-content\/uploads\/2017\/01\/preguntas-formuladas.pdf\">preguntas formuladas<\/a><\/p>\n<p>FASE 2<\/p>\n<p><a href=\"http:\/\/marianomoreno.gob.ec\/azuay\/wp-content\/uploads\/2017\/01\/repuestas-preguntas.pdf\">repuestas preguntas<\/a><\/p>\n<p><a href=\"http:\/\/marianomoreno.gob.ec\/azuay\/wp-content\/uploads\/2017\/01\/aprobaci\u00f3n-informe.pdf\">aprobaci\u00f3n informe<\/a><\/p>\n<p><a href=\"http:\/\/marianomoreno.gob.ec\/azuay\/wp-content\/uploads\/2017\/01\/Informe-Economico-de-rendicion-de-cuentas-1.pptx\">Informe Economico de rendicion de cuentas<\/a><\/p>\n<p><a href=\"http:\/\/marianomoreno.gob.ec\/azuay\/wp-content\/uploads\/2017\/01\/triptico-rc-2017.pdf\">triptico rc 2017<\/a><\/p>\n<p><a href=\"http:\/\/marianomoreno.gob.ec\/azuay\/wp-content\/uploads\/2017\/01\/formulario-finalizado-CPCCS.pdf\">formulario finalizado CPCCS<\/a><\/p>\n<p><a href=\"http:\/\/marianomoreno.gob.ec\/azuay\/wp-content\/uploads\/2017\/01\/formulario-GAD.xlsx\">formulario GAD<\/a><\/p>\n<p>FASE 3<\/p>\n<p><a href=\"http:\/\/marianomoreno.gob.ec\/azuay\/wp-content\/uploads\/2017\/01\/convocatoria-RC.pdf\">convocatoria RC<\/a><\/p>\n<p><a href=\"http:\/\/marianomoreno.gob.ec\/azuay\/wp-content\/uploads\/2017\/01\/asistencia-RC-2017.pdf\">asistencia RC 2017<\/a><\/p>\n<p><a href=\"http:\/\/marianomoreno.gob.ec\/azuay\/wp-content\/uploads\/2017\/01\/aportes-rendici\u00f3n-cuentas.pdf\">aportes rendici\u00f3n cuentas<\/a><\/p>\n<p>FASE 4<\/p>\n<p><a href=\"http:\/\/marianomoreno.gob.ec\/azuay\/wp-content\/uploads\/2017\/01\/plan-de-trabajo.pdf\">plan de trabajo<\/a><\/p>\n<p>PRESENTACI\u00d3N DEL INFORME DE RENDICI\u00d3N DE CUENTAS<\/p>\n<p><a href=\"http:\/\/marianomoreno.gob.ec\/azuay\/wp-content\/uploads\/2017\/01\/Informe-Economico-de-rendicion-de-cuentas-1.pptx\">Informe Economico de rendicion de cuentas<\/a><\/p>\n<p>TRIPTICO REALIZADO PARA ENTREGAR A LOS CIUDADANOS<\/p>\n<p><a href=\"http:\/\/marianomoreno.gob.ec\/azuay\/wp-content\/uploads\/2017\/01\/triptico-rc-2017.pdf\">triptico rc 2017<\/a><\/p>\n<p>REPORTE DE INFORMACI\u00d3N REGISTRADA EN EL SIGAD DEL A\u00d1O 2017<\/p>\n<p><a href=\"http:\/\/marianomoreno.gob.ec\/azuay\/wp-content\/uploads\/2017\/01\/reporteICM-2017-FINAL.pdf\">reporteICM-2017 FINAL<\/a><\/p>\n<p>FOTOS DEL\u00a0 EVENTO P\u00daBLICO DE RENDICI\u00d3N DE CUENTAS<\/p>\n<p><img loading=\"lazy\" decoding=\"async\" class=\"alignnone size-medium wp-image-1660\" src=\"http:\/\/marianomoreno.gob.ec\/azuay\/wp-content\/uploads\/2017\/01\/20180329_100934-450x800.jpg\" alt=\"\" width=\"450\" height=\"800\" data-id=\"1660\" srcset=\"https:\/\/marianomoreno.gob.ec\/azuay\/wp-content\/uploads\/2017\/01\/20180329_100934-450x800.jpg 450w, https:\/\/marianomoreno.gob.ec\/azuay\/wp-content\/uploads\/2017\/01\/20180329_100934.jpg 576w\" sizes=\"auto, (max-width: 450px) 100vw, 450px\" \/> <img loading=\"lazy\" decoding=\"async\" class=\"alignnone size-medium wp-image-1661\" src=\"http:\/\/marianomoreno.gob.ec\/azuay\/wp-content\/uploads\/2017\/01\/20180329_100938-450x800.jpg\" alt=\"\" width=\"450\" height=\"800\" data-id=\"1661\" srcset=\"https:\/\/marianomoreno.gob.ec\/azuay\/wp-content\/uploads\/2017\/01\/20180329_100938-450x800.jpg 450w, https:\/\/marianomoreno.gob.ec\/azuay\/wp-content\/uploads\/2017\/01\/20180329_100938.jpg 576w\" sizes=\"auto, (max-width: 450px) 100vw, 450px\" \/> <img loading=\"lazy\" decoding=\"async\" class=\"alignnone size-medium wp-image-1662\" src=\"http:\/\/marianomoreno.gob.ec\/azuay\/wp-content\/uploads\/2017\/01\/20180329_100949-450x800.jpg\" alt=\"\" width=\"450\" height=\"800\" data-id=\"1662\" srcset=\"https:\/\/marianomoreno.gob.ec\/azuay\/wp-content\/uploads\/2017\/01\/20180329_100949-450x800.jpg 450w, https:\/\/marianomoreno.gob.ec\/azuay\/wp-content\/uploads\/2017\/01\/20180329_100949.jpg 576w\" sizes=\"auto, (max-width: 450px) 100vw, 450px\" \/><\/p>\n<p>APORTES CIUDADANOS<\/p>\n<p><a href=\"http:\/\/marianomoreno.gob.ec\/azuay\/wp-content\/uploads\/2017\/01\/aportes-rendici\u00f3n-cuentas.pdf\">aportes rendici\u00f3n cuentas<\/a><\/p>\n<p>INFORME DE PUBLICIDAD<\/p>\n<p><a href=\"http:\/\/marianomoreno.gob.ec\/azuay\/wp-content\/uploads\/2017\/01\/publicidad-febrero-.pdf\">publicidad febrero<\/a><\/p>\n<p><a href=\"http:\/\/marianomoreno.gob.ec\/azuay\/wp-content\/uploads\/2017\/01\/publicidad-agosto.pdf\">publicidad agosto<\/a><\/p>\n<p><a href=\"http:\/\/marianomoreno.gob.ec\/azuay\/wp-content\/uploads\/2017\/01\/publicidad-septiembre-.pdf\">publicidad septiembre<\/a><\/p>\n<p>CUMPLIMIENTO DEL PLAN DE TRABAJO DEL A\u00d1O 2016<\/p>\n<p><a href=\"http:\/\/marianomoreno.gob.ec\/azuay\/wp-content\/uploads\/2017\/01\/acta-cumplimiento-PT-2016-.pdf\">acta cumplimiento PT 2016<\/a><\/p>\n<p><a href=\"http:\/\/marianomoreno.gob.ec\/azuay\/wp-content\/uploads\/2017\/01\/tr\u00e1mites-ecrituras-PT2016.pdf\">tr\u00e1mites ecrituras PT2016<\/a><\/p>\n","protected":false},"excerpt":{"rendered":"<p>SERVICIOS DE PUBLICIDAD DEL A\u00d1O 2017 FASE 1 convocatoria acta equipo t\u00e9cnico preguntas formuladas FASE 2 repuestas preguntas aprobaci\u00f3n informe Informe Economico de rendicion de cuentas triptico rc 2017 formulario finalizado CPCCS formulario GAD FASE 3 convocatoria RC asistencia RC 2017 aportes rendici\u00f3n cuentas FASE 4 plan de trabajo PRESENTACI\u00d3N DEL INFORME DE RENDICI\u00d3N DE [&hellip;]<\/p>\n","protected":false},"author":6,"featured_media":0,"parent":0,"menu_order":0,"comment_status":"closed","ping_status":"closed","template":"","meta":{"footnotes":""},"class_list":["post-1206","page","type-page","status-publish","hentry"],"yoast_head":"<!-- This site is optimized with the Yoast SEO plugin v27.5 - https:\/\/yoast.com\/product\/yoast-seo-wordpress\/ -->\n<title>Rendici\u00f3n de Cuentas 2017 - GAD parroquial Mariano Moreno<\/title>\n<meta name=\"robots\" content=\"index, follow, max-snippet:-1, max-image-preview:large, max-video-preview:-1\" \/>\n<link rel=\"canonical\" href=\"https:\/\/marianomoreno.gob.ec\/azuay\/rendicion-de-cuentas-2017\/\" \/>\n<meta property=\"og:locale\" content=\"es_ES\" \/>\n<meta property=\"og:type\" content=\"article\" \/>\n<meta property=\"og:title\" content=\"Rendici\u00f3n de Cuentas 2017 - GAD parroquial Mariano Moreno\" \/>\n<meta property=\"og:description\" content=\"SERVICIOS DE PUBLICIDAD DEL A\u00d1O 2017 FASE 1 convocatoria acta equipo t\u00e9cnico preguntas formuladas FASE 2 repuestas preguntas aprobaci\u00f3n informe Informe Economico de rendicion de cuentas triptico rc 2017 formulario finalizado CPCCS formulario GAD FASE 3 convocatoria RC asistencia RC 2017 aportes rendici\u00f3n cuentas FASE 4 plan de trabajo PRESENTACI\u00d3N DEL INFORME DE RENDICI\u00d3N DE [&hellip;]\" \/>\n<meta property=\"og:url\" content=\"https:\/\/marianomoreno.gob.ec\/azuay\/rendicion-de-cuentas-2017\/\" \/>\n<meta property=\"og:site_name\" content=\"GAD parroquial Mariano Moreno\" \/>\n<meta property=\"article:modified_time\" content=\"2018-04-27T21:55:14+00:00\" \/>\n<meta property=\"og:image\" content=\"http:\/\/marianomoreno.gob.ec\/azuay\/wp-content\/uploads\/2017\/01\/invitacion-rendicion-de-cuentas-2017.png\" \/>\n<meta name=\"twitter:card\" content=\"summary_large_image\" \/>\n<meta name=\"twitter:label1\" content=\"Tiempo de lectura\" \/>\n\t<meta name=\"twitter:data1\" content=\"1 minuto\" \/>\n<script type=\"application\/ld+json\" class=\"yoast-schema-graph\">{\"@context\":\"https:\\\/\\\/schema.org\",\"@graph\":[{\"@type\":\"WebPage\",\"@id\":\"https:\\\/\\\/marianomoreno.gob.ec\\\/azuay\\\/rendicion-de-cuentas-2017\\\/\",\"url\":\"https:\\\/\\\/marianomoreno.gob.ec\\\/azuay\\\/rendicion-de-cuentas-2017\\\/\",\"name\":\"Rendici\u00f3n de Cuentas 2017 - GAD parroquial Mariano Moreno\",\"isPartOf\":{\"@id\":\"https:\\\/\\\/marianomoreno.gob.ec\\\/azuay\\\/#website\"},\"primaryImageOfPage\":{\"@id\":\"https:\\\/\\\/marianomoreno.gob.ec\\\/azuay\\\/rendicion-de-cuentas-2017\\\/#primaryimage\"},\"image\":{\"@id\":\"https:\\\/\\\/marianomoreno.gob.ec\\\/azuay\\\/rendicion-de-cuentas-2017\\\/#primaryimage\"},\"thumbnailUrl\":\"http:\\\/\\\/marianomoreno.gob.ec\\\/azuay\\\/wp-content\\\/uploads\\\/2017\\\/01\\\/invitacion-rendicion-de-cuentas-2017.png\",\"datePublished\":\"2017-01-31T18:25:55+00:00\",\"dateModified\":\"2018-04-27T21:55:14+00:00\",\"breadcrumb\":{\"@id\":\"https:\\\/\\\/marianomoreno.gob.ec\\\/azuay\\\/rendicion-de-cuentas-2017\\\/#breadcrumb\"},\"inLanguage\":\"es\",\"potentialAction\":[{\"@type\":\"ReadAction\",\"target\":[\"https:\\\/\\\/marianomoreno.gob.ec\\\/azuay\\\/rendicion-de-cuentas-2017\\\/\"]}]},{\"@type\":\"ImageObject\",\"inLanguage\":\"es\",\"@id\":\"https:\\\/\\\/marianomoreno.gob.ec\\\/azuay\\\/rendicion-de-cuentas-2017\\\/#primaryimage\",\"url\":\"https:\\\/\\\/marianomoreno.gob.ec\\\/azuay\\\/wp-content\\\/uploads\\\/2017\\\/01\\\/invitacion-rendicion-de-cuentas-2017.png\",\"contentUrl\":\"https:\\\/\\\/marianomoreno.gob.ec\\\/azuay\\\/wp-content\\\/uploads\\\/2017\\\/01\\\/invitacion-rendicion-de-cuentas-2017.png\",\"width\":443,\"height\":502},{\"@type\":\"BreadcrumbList\",\"@id\":\"https:\\\/\\\/marianomoreno.gob.ec\\\/azuay\\\/rendicion-de-cuentas-2017\\\/#breadcrumb\",\"itemListElement\":[{\"@type\":\"ListItem\",\"position\":1,\"name\":\"Portada\",\"item\":\"https:\\\/\\\/marianomoreno.gob.ec\\\/azuay\\\/\"},{\"@type\":\"ListItem\",\"position\":2,\"name\":\"Rendici\u00f3n de Cuentas 2017\"}]},{\"@type\":\"WebSite\",\"@id\":\"https:\\\/\\\/marianomoreno.gob.ec\\\/azuay\\\/#website\",\"url\":\"https:\\\/\\\/marianomoreno.gob.ec\\\/azuay\\\/\",\"name\":\"GAD parroquial Mariano Moreno\",\"description\":\"Sitio Oficial del GAD Parroquial Mariano Moreno Azuay\",\"publisher\":{\"@id\":\"https:\\\/\\\/marianomoreno.gob.ec\\\/azuay\\\/#organization\"},\"potentialAction\":[{\"@type\":\"SearchAction\",\"target\":{\"@type\":\"EntryPoint\",\"urlTemplate\":\"https:\\\/\\\/marianomoreno.gob.ec\\\/azuay\\\/?s={search_term_string}\"},\"query-input\":{\"@type\":\"PropertyValueSpecification\",\"valueRequired\":true,\"valueName\":\"search_term_string\"}}],\"inLanguage\":\"es\"},{\"@type\":\"Organization\",\"@id\":\"https:\\\/\\\/marianomoreno.gob.ec\\\/azuay\\\/#organization\",\"name\":\"GAD Mariano Moreno Azuay\",\"url\":\"https:\\\/\\\/marianomoreno.gob.ec\\\/azuay\\\/\",\"logo\":{\"@type\":\"ImageObject\",\"inLanguage\":\"es\",\"@id\":\"https:\\\/\\\/marianomoreno.gob.ec\\\/azuay\\\/#\\\/schema\\\/logo\\\/image\\\/\",\"url\":\"https:\\\/\\\/marianomoreno.gob.ec\\\/azuay\\\/wp-content\\\/uploads\\\/2020\\\/06\\\/logoFooter.png\",\"contentUrl\":\"https:\\\/\\\/marianomoreno.gob.ec\\\/azuay\\\/wp-content\\\/uploads\\\/2020\\\/06\\\/logoFooter.png\",\"width\":200,\"height\":150,\"caption\":\"GAD Mariano Moreno Azuay\"},\"image\":{\"@id\":\"https:\\\/\\\/marianomoreno.gob.ec\\\/azuay\\\/#\\\/schema\\\/logo\\\/image\\\/\"}}]}<\/script>\n<!-- \/ Yoast SEO plugin. -->","yoast_head_json":{"title":"Rendici\u00f3n de Cuentas 2017 - GAD parroquial Mariano Moreno","robots":{"index":"index","follow":"follow","max-snippet":"max-snippet:-1","max-image-preview":"max-image-preview:large","max-video-preview":"max-video-preview:-1"},"canonical":"https:\/\/marianomoreno.gob.ec\/azuay\/rendicion-de-cuentas-2017\/","og_locale":"es_ES","og_type":"article","og_title":"Rendici\u00f3n de Cuentas 2017 - GAD parroquial Mariano Moreno","og_description":"SERVICIOS DE PUBLICIDAD DEL A\u00d1O 2017 FASE 1 convocatoria acta equipo t\u00e9cnico preguntas formuladas FASE 2 repuestas preguntas aprobaci\u00f3n informe Informe Economico de rendicion de cuentas triptico rc 2017 formulario finalizado CPCCS formulario GAD FASE 3 convocatoria RC asistencia RC 2017 aportes rendici\u00f3n cuentas FASE 4 plan de trabajo PRESENTACI\u00d3N DEL INFORME DE RENDICI\u00d3N DE [&hellip;]","og_url":"https:\/\/marianomoreno.gob.ec\/azuay\/rendicion-de-cuentas-2017\/","og_site_name":"GAD parroquial Mariano Moreno","article_modified_time":"2018-04-27T21:55:14+00:00","og_image":[{"url":"http:\/\/marianomoreno.gob.ec\/azuay\/wp-content\/uploads\/2017\/01\/invitacion-rendicion-de-cuentas-2017.png","type":"","width":"","height":""}],"twitter_card":"summary_large_image","twitter_misc":{"Tiempo de lectura":"1 minuto"},"schema":{"@context":"https:\/\/schema.org","@graph":[{"@type":"WebPage","@id":"https:\/\/marianomoreno.gob.ec\/azuay\/rendicion-de-cuentas-2017\/","url":"https:\/\/marianomoreno.gob.ec\/azuay\/rendicion-de-cuentas-2017\/","name":"Rendici\u00f3n de Cuentas 2017 - GAD parroquial Mariano Moreno","isPartOf":{"@id":"https:\/\/marianomoreno.gob.ec\/azuay\/#website"},"primaryImageOfPage":{"@id":"https:\/\/marianomoreno.gob.ec\/azuay\/rendicion-de-cuentas-2017\/#primaryimage"},"image":{"@id":"https:\/\/marianomoreno.gob.ec\/azuay\/rendicion-de-cuentas-2017\/#primaryimage"},"thumbnailUrl":"http:\/\/marianomoreno.gob.ec\/azuay\/wp-content\/uploads\/2017\/01\/invitacion-rendicion-de-cuentas-2017.png","datePublished":"2017-01-31T18:25:55+00:00","dateModified":"2018-04-27T21:55:14+00:00","breadcrumb":{"@id":"https:\/\/marianomoreno.gob.ec\/azuay\/rendicion-de-cuentas-2017\/#breadcrumb"},"inLanguage":"es","potentialAction":[{"@type":"ReadAction","target":["https:\/\/marianomoreno.gob.ec\/azuay\/rendicion-de-cuentas-2017\/"]}]},{"@type":"ImageObject","inLanguage":"es","@id":"https:\/\/marianomoreno.gob.ec\/azuay\/rendicion-de-cuentas-2017\/#primaryimage","url":"https:\/\/marianomoreno.gob.ec\/azuay\/wp-content\/uploads\/2017\/01\/invitacion-rendicion-de-cuentas-2017.png","contentUrl":"https:\/\/marianomoreno.gob.ec\/azuay\/wp-content\/uploads\/2017\/01\/invitacion-rendicion-de-cuentas-2017.png","width":443,"height":502},{"@type":"BreadcrumbList","@id":"https:\/\/marianomoreno.gob.ec\/azuay\/rendicion-de-cuentas-2017\/#breadcrumb","itemListElement":[{"@type":"ListItem","position":1,"name":"Portada","item":"https:\/\/marianomoreno.gob.ec\/azuay\/"},{"@type":"ListItem","position":2,"name":"Rendici\u00f3n de Cuentas 2017"}]},{"@type":"WebSite","@id":"https:\/\/marianomoreno.gob.ec\/azuay\/#website","url":"https:\/\/marianomoreno.gob.ec\/azuay\/","name":"GAD parroquial Mariano Moreno","description":"Sitio Oficial del GAD Parroquial Mariano Moreno Azuay","publisher":{"@id":"https:\/\/marianomoreno.gob.ec\/azuay\/#organization"},"potentialAction":[{"@type":"SearchAction","target":{"@type":"EntryPoint","urlTemplate":"https:\/\/marianomoreno.gob.ec\/azuay\/?s={search_term_string}"},"query-input":{"@type":"PropertyValueSpecification","valueRequired":true,"valueName":"search_term_string"}}],"inLanguage":"es"},{"@type":"Organization","@id":"https:\/\/marianomoreno.gob.ec\/azuay\/#organization","name":"GAD Mariano Moreno Azuay","url":"https:\/\/marianomoreno.gob.ec\/azuay\/","logo":{"@type":"ImageObject","inLanguage":"es","@id":"https:\/\/marianomoreno.gob.ec\/azuay\/#\/schema\/logo\/image\/","url":"https:\/\/marianomoreno.gob.ec\/azuay\/wp-content\/uploads\/2020\/06\/logoFooter.png","contentUrl":"https:\/\/marianomoreno.gob.ec\/azuay\/wp-content\/uploads\/2020\/06\/logoFooter.png","width":200,"height":150,"caption":"GAD Mariano Moreno Azuay"},"image":{"@id":"https:\/\/marianomoreno.gob.ec\/azuay\/#\/schema\/logo\/image\/"}}]}},"_links":{"self":[{"href":"https:\/\/marianomoreno.gob.ec\/azuay\/wp-json\/wp\/v2\/pages\/1206","targetHints":{"allow":["GET"]}}],"collection":[{"href":"https:\/\/marianomoreno.gob.ec\/azuay\/wp-json\/wp\/v2\/pages"}],"about":[{"href":"https:\/\/marianomoreno.gob.ec\/azuay\/wp-json\/wp\/v2\/types\/page"}],"author":[{"embeddable":true,"href":"https:\/\/marianomoreno.gob.ec\/azuay\/wp-json\/wp\/v2\/users\/6"}],"replies":[{"embeddable":true,"href":"https:\/\/marianomoreno.gob.ec\/azuay\/wp-json\/wp\/v2\/comments?post=1206"}],"version-history":[{"count":18,"href":"https:\/\/marianomoreno.gob.ec\/azuay\/wp-json\/wp\/v2\/pages\/1206\/revisions"}],"predecessor-version":[{"id":1698,"href":"https:\/\/marianomoreno.gob.ec\/azuay\/wp-json\/wp\/v2\/pages\/1206\/revisions\/1698"}],"wp:attachment":[{"href":"https:\/\/marianomoreno.gob.ec\/azuay\/wp-json\/wp\/v2\/media?parent=1206"}],"curies":[{"name":"wp","href":"https:\/\/api.w.org\/{rel}","templated":true}]}}