{"id":1563,"date":"2017-12-20T19:27:59","date_gmt":"2017-12-20T23:27:59","guid":{"rendered":"http:\/\/marianomoreno.gob.ec\/azuay\/?page_id=1563"},"modified":"2019-08-05T15:53:03","modified_gmt":"2019-08-05T19:53:03","slug":"rendicion-de-cuentas-2018","status":"publish","type":"page","link":"https:\/\/marianomoreno.gob.ec\/azuay\/rendicion-de-cuentas-2018\/","title":{"rendered":"Rendici\u00f3n de Cuentas 2018"},"content":{"rendered":"<p><img loading=\"lazy\" decoding=\"async\" class=\"alignnone size-full wp-image-1739\" src=\"http:\/\/marianomoreno.gob.ec\/azuay\/wp-content\/uploads\/2019\/03\/invitaci\u00f3n-a-evento.png\" alt=\"\" width=\"460\" height=\"515\" data-id=\"1739\" \/><\/p>\n<p>Fase 1<\/p>\n<p>Documento de convocatoria y registro de\u00a0 asistencia<\/p>\n<p><a href=\"http:\/\/marianomoreno.gob.ec\/azuay\/wp-content\/uploads\/2019\/03\/fase-1-rendicion-cuentas.pdf\">fase 1 rendicion cuentas<\/a><\/p>\n<p>DOCUMENTOS\u00a0 DEL FORMULARIO CPCCS<\/p>\n<p>1.- acta de presentaci\u00f3n de presupuesto para el a\u00f1o 2018 al ejecutivo<\/p>\n<p><a href=\"http:\/\/marianomoreno.gob.ec\/azuay\/wp-content\/uploads\/2019\/04\/acta-presupuesto.pdf\">acta presupuesto<\/a><\/p>\n<p>2.-Informe de proyectos de atenci\u00f3n prioritaria<\/p>\n<p><a href=\"http:\/\/marianomoreno.gob.ec\/azuay\/wp-content\/uploads\/2019\/04\/informe-grupos-AP.pdf\">informe grupos AP<\/a><\/p>\n<p>3.- Asamblea Ciudadana<\/p>\n<p><a href=\"http:\/\/marianomoreno.gob.ec\/azuay\/wp-content\/uploads\/2019\/04\/Registros-A-asambleas-Parroquiales.pdf\">Registros A asambleas Parroquiales<\/a><\/p>\n<p>FASES DE PROCESO DE RENDICI\u00d3N DE CUENTAS DEL A\u00d1O 2018<\/p>\n<p>FASE 1:<\/p>\n<p><a href=\"http:\/\/marianomoreno.gob.ec\/azuay\/wp-content\/uploads\/2019\/04\/convocatoria-rc.pdf\">convocatoria rc<\/a><\/p>\n<p><a href=\"http:\/\/marianomoreno.gob.ec\/azuay\/wp-content\/uploads\/2019\/04\/RAsistencia-.pdf\">RAsistencia<\/a><\/p>\n<p>FASE 2:<\/p>\n<p><a href=\"http:\/\/marianomoreno.gob.ec\/azuay\/wp-content\/uploads\/2019\/04\/acta-aprobacion-IRC2018.pdf\">acta aprobacion IRC2018<\/a><\/p>\n<p>FASE 3<\/p>\n<p><a href=\"http:\/\/marianomoreno.gob.ec\/azuay\/wp-content\/uploads\/2019\/04\/convocatoria-ERC.pdf\">convocatoria ERC<\/a><\/p>\n<p><a href=\"http:\/\/marianomoreno.gob.ec\/azuay\/wp-content\/uploads\/2019\/04\/registro-asistencia-ERC.pdf\">registro asistencia ERC<\/a><\/p>\n<p><a href=\"http:\/\/marianomoreno.gob.ec\/azuay\/wp-content\/uploads\/2019\/04\/Aportes-Ciudadanos.docx\">Aportes Ciudadanos<\/a><\/p>\n<p>PUBLICIDAD A\u00d1O 2018<\/p>\n<p><a href=\"http:\/\/marianomoreno.gob.ec\/azuay\/wp-content\/uploads\/2019\/04\/PUBLICIDAD.pdf\">PUBLICIDAD<\/a><\/p>\n<p>INFORMES DE RENDICION DE CUENTAS DEL GAD PARROQUIAL<\/p>\n<p><a href=\"http:\/\/marianomoreno.gob.ec\/azuay\/wp-content\/uploads\/2019\/04\/Triptico-rendicion-c-2018.docx\">Triptico rendicion c 2018<\/a><\/p>\n<p><a href=\"http:\/\/marianomoreno.gob.ec\/azuay\/wp-content\/uploads\/2019\/04\/Informe-Economico-de-rendicion-de-cuentas.pptx\">Informe Economico de rendicion de cuentas<\/a><\/p>\n<p><a href=\"http:\/\/marianomoreno.gob.ec\/azuay\/wp-content\/uploads\/2019\/08\/rendicion-de-cuentas.xlsx\">rendicion de cuentas<\/a><\/p>\n<p><a href=\"http:\/\/marianomoreno.gob.ec\/azuay\/wp-content\/uploads\/2019\/08\/formulario-rcCPCCS.pdf\">formulario rcCPCCS<\/a><\/p>\n<ul>\n<li>INFORME DE RENDICI\u00d3N DE CUENTAS VOCAL DEL GAD<\/li>\n<\/ul>\n<p>SR. LEONEL RUIZ IDROVO<\/p>\n<p><a href=\"http:\/\/marianomoreno.gob.ec\/azuay\/wp-content\/uploads\/2019\/04\/INFORME-DE-LABORES-A-CALIDAD-DE-VOCAL-DEL.pptx\">INFORME DE LABORES A CALIDAD DE VOCAL DEL<\/a><\/p>\n","protected":false},"excerpt":{"rendered":"<p>Fase 1 Documento de convocatoria y registro de\u00a0 asistencia fase 1 rendicion cuentas DOCUMENTOS\u00a0 DEL FORMULARIO CPCCS 1.- acta de presentaci\u00f3n de presupuesto para el a\u00f1o 2018 al ejecutivo acta presupuesto 2.-Informe de proyectos de atenci\u00f3n prioritaria informe grupos AP 3.- Asamblea Ciudadana Registros A asambleas Parroquiales FASES DE PROCESO DE RENDICI\u00d3N DE CUENTAS DEL [&hellip;]<\/p>\n","protected":false},"author":6,"featured_media":0,"parent":0,"menu_order":0,"comment_status":"closed","ping_status":"closed","template":"","meta":{"footnotes":""},"class_list":["post-1563","page","type-page","status-publish","hentry"],"yoast_head":"<!-- This site is optimized with the Yoast SEO plugin v25.3.1 - https:\/\/yoast.com\/wordpress\/plugins\/seo\/ -->\n<title>Rendici\u00f3n de Cuentas 2018 - GAD parroquial Mariano Moreno<\/title>\n<meta name=\"robots\" content=\"index, follow, max-snippet:-1, max-image-preview:large, max-video-preview:-1\" \/>\n<link rel=\"canonical\" href=\"https:\/\/marianomoreno.gob.ec\/azuay\/rendicion-de-cuentas-2018\/\" \/>\n<meta property=\"og:locale\" content=\"es_ES\" \/>\n<meta property=\"og:type\" content=\"article\" \/>\n<meta property=\"og:title\" content=\"Rendici\u00f3n de Cuentas 2018 - GAD parroquial Mariano Moreno\" \/>\n<meta property=\"og:description\" content=\"Fase 1 Documento de convocatoria y registro de\u00a0 asistencia fase 1 rendicion cuentas DOCUMENTOS\u00a0 DEL FORMULARIO CPCCS 1.- acta de presentaci\u00f3n de presupuesto para el a\u00f1o 2018 al ejecutivo acta presupuesto 2.-Informe de proyectos de atenci\u00f3n prioritaria informe grupos AP 3.- Asamblea Ciudadana Registros A asambleas Parroquiales FASES DE PROCESO DE RENDICI\u00d3N DE CUENTAS DEL [&hellip;]\" \/>\n<meta property=\"og:url\" content=\"https:\/\/marianomoreno.gob.ec\/azuay\/rendicion-de-cuentas-2018\/\" \/>\n<meta property=\"og:site_name\" content=\"GAD parroquial Mariano Moreno\" \/>\n<meta property=\"article:modified_time\" content=\"2019-08-05T19:53:03+00:00\" \/>\n<meta name=\"twitter:card\" content=\"summary_large_image\" \/>\n<meta name=\"twitter:label1\" content=\"Tiempo de lectura\" \/>\n\t<meta name=\"twitter:data1\" content=\"1 minuto\" \/>\n<script type=\"application\/ld+json\" class=\"yoast-schema-graph\">{\"@context\":\"https:\/\/schema.org\",\"@graph\":[{\"@type\":\"WebPage\",\"@id\":\"https:\/\/marianomoreno.gob.ec\/azuay\/rendicion-de-cuentas-2018\/\",\"url\":\"https:\/\/marianomoreno.gob.ec\/azuay\/rendicion-de-cuentas-2018\/\",\"name\":\"Rendici\u00f3n de Cuentas 2018 - GAD parroquial Mariano Moreno\",\"isPartOf\":{\"@id\":\"https:\/\/marianomoreno.gob.ec\/azuay\/#website\"},\"datePublished\":\"2017-12-20T23:27:59+00:00\",\"dateModified\":\"2019-08-05T19:53:03+00:00\",\"breadcrumb\":{\"@id\":\"https:\/\/marianomoreno.gob.ec\/azuay\/rendicion-de-cuentas-2018\/#breadcrumb\"},\"inLanguage\":\"es\",\"potentialAction\":[{\"@type\":\"ReadAction\",\"target\":[\"https:\/\/marianomoreno.gob.ec\/azuay\/rendicion-de-cuentas-2018\/\"]}]},{\"@type\":\"BreadcrumbList\",\"@id\":\"https:\/\/marianomoreno.gob.ec\/azuay\/rendicion-de-cuentas-2018\/#breadcrumb\",\"itemListElement\":[{\"@type\":\"ListItem\",\"position\":1,\"name\":\"Portada\",\"item\":\"https:\/\/marianomoreno.gob.ec\/azuay\/\"},{\"@type\":\"ListItem\",\"position\":2,\"name\":\"Rendici\u00f3n de Cuentas 2018\"}]},{\"@type\":\"WebSite\",\"@id\":\"https:\/\/marianomoreno.gob.ec\/azuay\/#website\",\"url\":\"https:\/\/marianomoreno.gob.ec\/azuay\/\",\"name\":\"GAD parroquial Mariano Moreno\",\"description\":\"Sitio Oficial del GAD Parroquial Mariano Moreno Azuay\",\"publisher\":{\"@id\":\"https:\/\/marianomoreno.gob.ec\/azuay\/#organization\"},\"potentialAction\":[{\"@type\":\"SearchAction\",\"target\":{\"@type\":\"EntryPoint\",\"urlTemplate\":\"https:\/\/marianomoreno.gob.ec\/azuay\/?s={search_term_string}\"},\"query-input\":{\"@type\":\"PropertyValueSpecification\",\"valueRequired\":true,\"valueName\":\"search_term_string\"}}],\"inLanguage\":\"es\"},{\"@type\":\"Organization\",\"@id\":\"https:\/\/marianomoreno.gob.ec\/azuay\/#organization\",\"name\":\"GAD Mariano Moreno Azuay\",\"url\":\"https:\/\/marianomoreno.gob.ec\/azuay\/\",\"logo\":{\"@type\":\"ImageObject\",\"inLanguage\":\"es\",\"@id\":\"https:\/\/marianomoreno.gob.ec\/azuay\/#\/schema\/logo\/image\/\",\"url\":\"https:\/\/marianomoreno.gob.ec\/azuay\/wp-content\/uploads\/2020\/06\/logoFooter.png\",\"contentUrl\":\"https:\/\/marianomoreno.gob.ec\/azuay\/wp-content\/uploads\/2020\/06\/logoFooter.png\",\"width\":200,\"height\":150,\"caption\":\"GAD Mariano Moreno Azuay\"},\"image\":{\"@id\":\"https:\/\/marianomoreno.gob.ec\/azuay\/#\/schema\/logo\/image\/\"}}]}<\/script>\n<!-- \/ Yoast SEO plugin. -->","yoast_head_json":{"title":"Rendici\u00f3n de Cuentas 2018 - GAD parroquial Mariano Moreno","robots":{"index":"index","follow":"follow","max-snippet":"max-snippet:-1","max-image-preview":"max-image-preview:large","max-video-preview":"max-video-preview:-1"},"canonical":"https:\/\/marianomoreno.gob.ec\/azuay\/rendicion-de-cuentas-2018\/","og_locale":"es_ES","og_type":"article","og_title":"Rendici\u00f3n de Cuentas 2018 - GAD parroquial Mariano Moreno","og_description":"Fase 1 Documento de convocatoria y registro de\u00a0 asistencia fase 1 rendicion cuentas DOCUMENTOS\u00a0 DEL FORMULARIO CPCCS 1.- acta de presentaci\u00f3n de presupuesto para el a\u00f1o 2018 al ejecutivo acta presupuesto 2.-Informe de proyectos de atenci\u00f3n prioritaria informe grupos AP 3.- Asamblea Ciudadana Registros A asambleas Parroquiales FASES DE PROCESO DE RENDICI\u00d3N DE CUENTAS DEL [&hellip;]","og_url":"https:\/\/marianomoreno.gob.ec\/azuay\/rendicion-de-cuentas-2018\/","og_site_name":"GAD parroquial Mariano Moreno","article_modified_time":"2019-08-05T19:53:03+00:00","twitter_card":"summary_large_image","twitter_misc":{"Tiempo de lectura":"1 minuto"},"schema":{"@context":"https:\/\/schema.org","@graph":[{"@type":"WebPage","@id":"https:\/\/marianomoreno.gob.ec\/azuay\/rendicion-de-cuentas-2018\/","url":"https:\/\/marianomoreno.gob.ec\/azuay\/rendicion-de-cuentas-2018\/","name":"Rendici\u00f3n de Cuentas 2018 - GAD parroquial Mariano Moreno","isPartOf":{"@id":"https:\/\/marianomoreno.gob.ec\/azuay\/#website"},"datePublished":"2017-12-20T23:27:59+00:00","dateModified":"2019-08-05T19:53:03+00:00","breadcrumb":{"@id":"https:\/\/marianomoreno.gob.ec\/azuay\/rendicion-de-cuentas-2018\/#breadcrumb"},"inLanguage":"es","potentialAction":[{"@type":"ReadAction","target":["https:\/\/marianomoreno.gob.ec\/azuay\/rendicion-de-cuentas-2018\/"]}]},{"@type":"BreadcrumbList","@id":"https:\/\/marianomoreno.gob.ec\/azuay\/rendicion-de-cuentas-2018\/#breadcrumb","itemListElement":[{"@type":"ListItem","position":1,"name":"Portada","item":"https:\/\/marianomoreno.gob.ec\/azuay\/"},{"@type":"ListItem","position":2,"name":"Rendici\u00f3n de Cuentas 2018"}]},{"@type":"WebSite","@id":"https:\/\/marianomoreno.gob.ec\/azuay\/#website","url":"https:\/\/marianomoreno.gob.ec\/azuay\/","name":"GAD parroquial Mariano Moreno","description":"Sitio Oficial del GAD Parroquial Mariano Moreno Azuay","publisher":{"@id":"https:\/\/marianomoreno.gob.ec\/azuay\/#organization"},"potentialAction":[{"@type":"SearchAction","target":{"@type":"EntryPoint","urlTemplate":"https:\/\/marianomoreno.gob.ec\/azuay\/?s={search_term_string}"},"query-input":{"@type":"PropertyValueSpecification","valueRequired":true,"valueName":"search_term_string"}}],"inLanguage":"es"},{"@type":"Organization","@id":"https:\/\/marianomoreno.gob.ec\/azuay\/#organization","name":"GAD Mariano Moreno Azuay","url":"https:\/\/marianomoreno.gob.ec\/azuay\/","logo":{"@type":"ImageObject","inLanguage":"es","@id":"https:\/\/marianomoreno.gob.ec\/azuay\/#\/schema\/logo\/image\/","url":"https:\/\/marianomoreno.gob.ec\/azuay\/wp-content\/uploads\/2020\/06\/logoFooter.png","contentUrl":"https:\/\/marianomoreno.gob.ec\/azuay\/wp-content\/uploads\/2020\/06\/logoFooter.png","width":200,"height":150,"caption":"GAD Mariano Moreno Azuay"},"image":{"@id":"https:\/\/marianomoreno.gob.ec\/azuay\/#\/schema\/logo\/image\/"}}]}},"_links":{"self":[{"href":"https:\/\/marianomoreno.gob.ec\/azuay\/wp-json\/wp\/v2\/pages\/1563","targetHints":{"allow":["GET"]}}],"collection":[{"href":"https:\/\/marianomoreno.gob.ec\/azuay\/wp-json\/wp\/v2\/pages"}],"about":[{"href":"https:\/\/marianomoreno.gob.ec\/azuay\/wp-json\/wp\/v2\/types\/page"}],"author":[{"embeddable":true,"href":"https:\/\/marianomoreno.gob.ec\/azuay\/wp-json\/wp\/v2\/users\/6"}],"replies":[{"embeddable":true,"href":"https:\/\/marianomoreno.gob.ec\/azuay\/wp-json\/wp\/v2\/comments?post=1563"}],"version-history":[{"count":12,"href":"https:\/\/marianomoreno.gob.ec\/azuay\/wp-json\/wp\/v2\/pages\/1563\/revisions"}],"predecessor-version":[{"id":1856,"href":"https:\/\/marianomoreno.gob.ec\/azuay\/wp-json\/wp\/v2\/pages\/1563\/revisions\/1856"}],"wp:attachment":[{"href":"https:\/\/marianomoreno.gob.ec\/azuay\/wp-json\/wp\/v2\/media?parent=1563"}],"curies":[{"name":"wp","href":"https:\/\/api.w.org\/{rel}","templated":true}]}}