{"id":1910,"date":"2020-01-19T12:18:36","date_gmt":"2020-01-19T16:18:36","guid":{"rendered":"http:\/\/marianomoreno.gob.ec\/azuay\/?page_id=1910"},"modified":"2021-07-28T17:40:37","modified_gmt":"2021-07-28T21:40:37","slug":"rendicion-de-cuentas-2020","status":"publish","type":"page","link":"https:\/\/marianomoreno.gob.ec\/azuay\/rendicion-de-cuentas-2020\/","title":{"rendered":"Rendici\u00f3n de Cuentas 2020"},"content":{"rendered":"<p style=\"text-align: center;\"><em><strong>RENDICI\u00d3N DE CUENTAS DE LA GESTI\u00d3N DEL A\u00d1O 2020 <\/strong><\/em><\/p>\n<p style=\"text-align: center;\"><em><strong>GAD PARROQUIAL RURAL DE MARIANO MORENO<\/strong><\/em><\/p>\n<p>INFORMES DE RENDICI\u00d3N DE CUENTAS<\/p>\n<p><iframe loading=\"lazy\" title=\"YouTube video player\" src=\"https:\/\/www.youtube.com\/embed\/eP8jMCYdxoA\" width=\"860\" height=\"415\" frameborder=\"0\" allowfullscreen=\"allowfullscreen\"><span data-mce-type=\"bookmark\" style=\"display: inline-block; width: 0px; overflow: hidden; line-height: 0;\" class=\"mce_SELRES_start\">\ufeff<\/span><\/iframe><\/p>\n<iframe src=\"\/\/docs.google.com\/viewer?url=https%3A%2F%2Fmarianomoreno.gob.ec%2Fazuay%2Fwp-content%2Fuploads%2F2021%2F07%2FInforme-Rendicion-Cuentas-GAD-1.pptx&hl=es&embedded=true\" class=\"gde-frame\" style=\"width:100%; height:1000px; border: none;\" scrolling=\"no\"><\/iframe>\n<p class=\"gde-text\"><a href=\"https:\/\/marianomoreno.gob.ec\/azuay\/wp-content\/uploads\/2021\/07\/Informe-Rendicion-Cuentas-GAD-1.pptx\" class=\"gde-link\">Descargar (PPTX, 862KB)<\/a><\/p>\n<p>&nbsp;<\/p>\n<p>INFORME INSTITUCIONAL<\/p>\n<p><a href=\"https:\/\/marianomoreno.gob.ec\/azuay\/wp-content\/uploads\/2021\/07\/Informe-Rendicion-Cuentas-GAD.pptx\">Informe Rendicion Cuentas GAD<\/a><\/p>\n<p><a href=\"https:\/\/marianomoreno.gob.ec\/azuay\/wp-content\/uploads\/2021\/07\/Informe-Rendicion-Cuentas-GAD-PDF.pdf\">Informe Rendicion Cuentas GAD PDF<\/a><\/p>\n<p>&nbsp;<\/p>\n<p><em><strong>Invitaci\u00f3n al proceso de rendici\u00f3n de cuentas<\/strong><\/em><\/p>\n<p><img loading=\"lazy\" decoding=\"async\" class=\"alignnone size-full wp-image-2404\" src=\"https:\/\/marianomoreno.gob.ec\/azuay\/wp-content\/uploads\/2021\/07\/WhatsApp-Image-2021-07-02-at-12.03.20.jpeg\" alt=\"\" width=\"720\" height=\"1280\" srcset=\"https:\/\/marianomoreno.gob.ec\/azuay\/wp-content\/uploads\/2021\/07\/WhatsApp-Image-2021-07-02-at-12.03.20.jpeg 720w, https:\/\/marianomoreno.gob.ec\/azuay\/wp-content\/uploads\/2021\/07\/WhatsApp-Image-2021-07-02-at-12.03.20-450x800.jpeg 450w, https:\/\/marianomoreno.gob.ec\/azuay\/wp-content\/uploads\/2021\/07\/WhatsApp-Image-2021-07-02-at-12.03.20-576x1024.jpeg 576w\" sizes=\"auto, (max-width: 720px) 100vw, 720px\" \/><\/p>\n<p><em><strong>Enlaces de Rendici\u00f3n de Cuentas A\u00f1o 2020<\/strong><\/em><\/p>\n<ul>\n<li><a href=\"https:\/\/marianomoreno.gob.ec\/azuay\/wp-content\/uploads\/2021\/06\/Link-Presupuesto-P-2020_compressed.pdf\">Link Presupuesto P 2020_compressed<\/a><\/li>\n<li><a href=\"https:\/\/marianomoreno.gob.ec\/azuay\/wp-content\/uploads\/2021\/06\/Link-aprobacion-presupuesto-2020-1.pdf\">Link aprobaci\u00f3n presupuesto 2020<\/a><\/li>\n<li><a href=\"https:\/\/marianomoreno.gob.ec\/azuay\/wp-content\/uploads\/2021\/06\/Link-reunion-C-Planificacion.pdf\">Link reuni\u00f3n C Planificaci\u00f3n<\/a><\/li>\n<li><a href=\"https:\/\/marianomoreno.gob.ec\/azuay\/wp-content\/uploads\/2021\/06\/Link-asambleas-parroquiales.pdf\">Link asambleas parroquiales<\/a><\/li>\n<li><a href=\"https:\/\/marianomoreno.gob.ec\/azuay\/wp-content\/uploads\/2021\/06\/Link-Vivero-Chico-Zhordan.pdf\">Link Vivero Chico Zhordan<\/a><\/li>\n<li><a href=\"https:\/\/marianomoreno.gob.ec\/azuay\/wp-content\/uploads\/2021\/07\/link-consulta-ciudadana.pdf\">link consulta ciudadana<\/a><\/li>\n<li><a href=\"https:\/\/marianomoreno.gob.ec\/azuay\/wp-content\/uploads\/2021\/07\/Link-evaluacion-.pdf\">Link evaluacion<\/a><\/li>\n<li><a href=\"https:\/\/marianomoreno.gob.ec\/azuay\/wp-content\/uploads\/2021\/07\/Link-aprobacion-informe.pdf\">Link aprobacion informe<\/a><\/li>\n<li><a href=\"https:\/\/marianomoreno.gob.ec\/azuay\/wp-content\/uploads\/2021\/07\/Link-resolucion-presidente.pdf\">Link resolucion presidente<\/a><\/li>\n<li><a href=\"https:\/\/marianomoreno.gob.ec\/azuay\/wp-content\/uploads\/2021\/07\/Link-respuesta-preguntas.pdf\">Link respuesta preguntas<\/a><\/li>\n<li><a href=\"https:\/\/marianomoreno.gob.ec\/azuay\/wp-content\/uploads\/2021\/07\/Link-convocatoria.pdf\">Link convocatoria<\/a><\/li>\n<li><a href=\"https:\/\/marianomoreno.gob.ec\/azuay\/wp-content\/uploads\/2021\/07\/Link-envio-rendicion-c.pdf\">Link envio rendicion c<\/a><\/li>\n<li><a href=\"https:\/\/marianomoreno.gob.ec\/azuay\/wp-content\/uploads\/2021\/07\/link-registro-asistencia-RC.pdf\">link registro asistencia RC<\/a><\/li>\n<li><a href=\"https:\/\/marianomoreno.gob.ec\/azuay\/wp-content\/uploads\/2021\/07\/Link-plan-de-trabajo.pdf\">Link plan de trabajo<\/a><\/li>\n<li><a href=\"https:\/\/marianomoreno.gob.ec\/azuay\/wp-content\/uploads\/2021\/07\/Link-sugerencias.pdf\">Link sugerencias<\/a><\/li>\n<li><a href=\"https:\/\/marianomoreno.gob.ec\/azuay\/wp-content\/uploads\/2021\/07\/link-acta-asamblea-p.pdf\">link acta asamblea p<\/a><\/li>\n<\/ul>\n<p>&nbsp;<\/p>\n<p><em><strong>Formulario del GAD Parroquial Mariano Moreno CPCCS<\/strong><\/em><\/p>\n<ul>\n<li><a href=\"https:\/\/marianomoreno.gob.ec\/azuay\/wp-content\/uploads\/2021\/06\/formulario-gad_ano-2020.xlsx\">formulario-gad_a\u00f1o 2020<\/a><\/li>\n<li><a href=\"https:\/\/marianomoreno.gob.ec\/azuay\/wp-content\/uploads\/2021\/07\/Formulario-GAD.pdf\">Formulario GAD<\/a><\/li>\n<li><a href=\"https:\/\/marianomoreno.gob.ec\/azuay\/wp-content\/uploads\/2021\/07\/formulario-RC-completo.pdf\">formulario RC completo<\/a><\/li>\n<\/ul>\n<div align=\"center\"><em><strong>RENDICI\u00d3N DE CUENTAS VOCALES GAD MARIANO MORENO<\/strong><\/em><\/div>\n<div align=\"center\"><\/div>\n<div style=\"text-align: left;\" align=\"center\">\n<p><iframe loading=\"lazy\" title=\"YouTube video player\" src=\"https:\/\/www.youtube.com\/embed\/ml-unkXf7a0\" width=\"860\" height=\"615\" frameborder=\"0\" allowfullscreen=\"allowfullscreen\"><span data-mce-type=\"bookmark\" style=\"display: inline-block; width: 0px; overflow: hidden; line-height: 0;\" class=\"mce_SELRES_start\">\ufeff<\/span><\/iframe><\/p>\n<\/div>\n<div align=\"center\"><\/div>\n<div style=\"text-align: left;\" align=\"center\"><em><strong>Enlaces Rendici\u00f3n de Cuentas Sres. Vocales del GAD<\/strong><\/em><\/div>\n<div style=\"text-align: left;\" align=\"center\"><a href=\"https:\/\/marianomoreno.gob.ec\/azuay\/wp-content\/uploads\/2021\/07\/SRI-Honorato.pdf\">SRI Honorato<\/a><\/div>\n<div style=\"text-align: left;\" align=\"center\"><a href=\"https:\/\/marianomoreno.gob.ec\/azuay\/wp-content\/uploads\/2021\/07\/SRI-Eloy.pdf\">SRI Eloy<\/a><\/div>\n<div style=\"text-align: left;\" align=\"center\"><a href=\"https:\/\/marianomoreno.gob.ec\/azuay\/wp-content\/uploads\/2021\/07\/SRI.pdf\">SRI Karina<\/a><\/div>\n<div style=\"text-align: left;\" align=\"center\"><a href=\"https:\/\/marianomoreno.gob.ec\/azuay\/wp-content\/uploads\/2021\/07\/SRI-HUGO.pdf\">SRI-Hugo<\/a><\/div>\n<div style=\"text-align: left;\" align=\"center\"><a href=\"https:\/\/marianomoreno.gob.ec\/azuay\/wp-content\/uploads\/2021\/07\/SRI-Hermen.pdf\">SRI Hermen<\/a><\/div>\n<div style=\"text-align: left;\" align=\"center\"><\/div>\n<div style=\"text-align: left;\" align=\"center\"><em><strong>Vocales Suplentes<\/strong><\/em><\/div>\n<div style=\"text-align: left;\" align=\"center\"><a href=\"https:\/\/marianomoreno.gob.ec\/azuay\/wp-content\/uploads\/2021\/07\/SRI-Victoria.pdf\">SRI Victoria<\/a><\/div>\n<div style=\"text-align: left;\" align=\"center\"><a href=\"https:\/\/marianomoreno.gob.ec\/azuay\/wp-content\/uploads\/2021\/07\/SRI-Geovanny.pdf\">SRI Geovanny<\/a><\/div>\n<div style=\"text-align: left;\" align=\"center\"><a href=\"https:\/\/marianomoreno.gob.ec\/azuay\/wp-content\/uploads\/2021\/07\/SRI-Mercy.pdf\">SRI Mercy<\/a><\/div>\n<div style=\"text-align: left;\" align=\"center\"><a href=\"https:\/\/marianomoreno.gob.ec\/azuay\/wp-content\/uploads\/2021\/07\/SRI-Beatriz.pdf\">SRI Beatriz<\/a><\/div>\n<div style=\"text-align: left;\" align=\"center\"><a href=\"https:\/\/marianomoreno.gob.ec\/azuay\/wp-content\/uploads\/2021\/07\/SRI-Eliana.pdf\">SRI Eliana<\/a><\/div>\n<div style=\"text-align: left;\" align=\"center\"><\/div>\n<div style=\"text-align: left;\" align=\"center\"><em><strong>Formularios del Proceso de Rendici\u00f3n de Cuentas a\u00f1o 2020<\/strong><\/em><\/div>\n<div style=\"text-align: left;\" align=\"center\"><a href=\"https:\/\/marianomoreno.gob.ec\/azuay\/wp-content\/uploads\/2021\/07\/formulario-Honorato-R.xls\">formulario Honorato R<\/a><\/div>\n<div style=\"text-align: left;\" align=\"center\"><a href=\"https:\/\/marianomoreno.gob.ec\/azuay\/wp-content\/uploads\/2021\/07\/Honorato-Ruiz.pdf\">Honorato Ruiz<\/a><\/div>\n<div style=\"text-align: left;\" align=\"center\"><a href=\"https:\/\/marianomoreno.gob.ec\/azuay\/wp-content\/uploads\/2021\/07\/formulario-Karina.xlsx\">formulario-Karina<\/a><\/div>\n<div style=\"text-align: left;\" align=\"center\"><a href=\"https:\/\/marianomoreno.gob.ec\/azuay\/wp-content\/uploads\/2021\/07\/Karina-Cordova.pdf\">Karina C\u00f3rdova<\/a><\/div>\n<div style=\"text-align: left;\" align=\"center\"><a href=\"https:\/\/marianomoreno.gob.ec\/azuay\/wp-content\/uploads\/2021\/07\/Formulario-Eloy-T.xls\">Formulario Eloy T<\/a><\/div>\n<div style=\"text-align: left;\" align=\"center\"><a href=\"https:\/\/marianomoreno.gob.ec\/azuay\/wp-content\/uploads\/2021\/07\/Eloy-Tapia.pdf\">Eloy Tapia<\/a><\/div>\n<div style=\"text-align: left;\" align=\"center\"><a href=\"https:\/\/marianomoreno.gob.ec\/azuay\/wp-content\/uploads\/2021\/07\/Formulario-Hugo.xls\">Formulario Hugo<\/a><\/div>\n<div style=\"text-align: left;\" align=\"center\"><a href=\"https:\/\/marianomoreno.gob.ec\/azuay\/wp-content\/uploads\/2021\/07\/Formulario-finalizado-Hugo.pdf\">Formulario finalizado Hugo<\/a><\/div>\n<div style=\"text-align: left;\" align=\"center\"><a href=\"https:\/\/marianomoreno.gob.ec\/azuay\/wp-content\/uploads\/2021\/07\/Formulario-Hermen-A.xls\">Formulario Hermen A<\/a><\/div>\n<div style=\"text-align: left;\" align=\"center\"><a href=\"https:\/\/marianomoreno.gob.ec\/azuay\/wp-content\/uploads\/2021\/07\/Hermen-Amaya-finalizado.pdf\">Hermen Amaya finalizado<\/a><\/div>\n<div style=\"text-align: left;\" align=\"center\"><\/div>\n<div style=\"text-align: left;\" align=\"center\">Vocales Suplentes<\/div>\n<div style=\"text-align: left;\" align=\"center\"><a href=\"https:\/\/marianomoreno.gob.ec\/azuay\/wp-content\/uploads\/2021\/07\/formulario-Victoria-1.xls\">formulario Victoria<\/a><\/div>\n<div style=\"text-align: left;\" align=\"center\"><a href=\"https:\/\/marianomoreno.gob.ec\/azuay\/wp-content\/uploads\/2021\/07\/Victoria-Campoverde.pdf\">Victoria Campoverde<\/a><\/div>\n<div style=\"text-align: left;\" align=\"center\"><a href=\"https:\/\/marianomoreno.gob.ec\/azuay\/wp-content\/uploads\/2021\/07\/Formulario-Geovanny.xls\">Formulario Geovanny<\/a><\/div>\n<div style=\"text-align: left;\" align=\"center\"><a href=\"https:\/\/marianomoreno.gob.ec\/azuay\/wp-content\/uploads\/2021\/07\/Geovanny-Muy.pdf\">Geovanny Muy<\/a><\/div>\n<div style=\"text-align: left;\" align=\"center\"><a href=\"https:\/\/marianomoreno.gob.ec\/azuay\/wp-content\/uploads\/2021\/07\/Formulario-Beatriz-Muy.xls\">Formulario Beatriz Muy<\/a><\/div>\n<div style=\"text-align: left;\" align=\"center\"><a href=\"https:\/\/marianomoreno.gob.ec\/azuay\/wp-content\/uploads\/2021\/07\/Beatriz-Muy.pdf\">Beatriz Muy<\/a><\/div>\n<div style=\"text-align: left;\" align=\"center\"><a href=\"https:\/\/marianomoreno.gob.ec\/azuay\/wp-content\/uploads\/2021\/07\/Formulario-Eliana.xls\">Formulario Eliana<\/a><\/div>\n<div style=\"text-align: left;\" align=\"center\"><a href=\"https:\/\/marianomoreno.gob.ec\/azuay\/wp-content\/uploads\/2021\/07\/Eliana-Molina.pdf\">Eliana Molina<\/a><\/div>\n<div style=\"text-align: left;\" align=\"center\"><a href=\"https:\/\/marianomoreno.gob.ec\/azuay\/wp-content\/uploads\/2021\/07\/Marcy-Banegas.pdf\">Marcy Banegas<\/a><\/div>\n<div style=\"text-align: left;\" align=\"center\"><a href=\"https:\/\/marianomoreno.gob.ec\/azuay\/wp-content\/uploads\/2021\/07\/Formulario-Mercy.xls\">Formulario Mercy<\/a><\/div>\n","protected":false},"excerpt":{"rendered":"<p>RENDICI\u00d3N DE CUENTAS DE LA GESTI\u00d3N DEL A\u00d1O 2020 GAD PARROQUIAL RURAL DE MARIANO MORENO INFORMES DE RENDICI\u00d3N DE CUENTAS \ufeff &nbsp; INFORME INSTITUCIONAL Informe Rendicion Cuentas GAD Informe Rendicion Cuentas GAD PDF &nbsp; Invitaci\u00f3n al proceso de rendici\u00f3n de cuentas Enlaces de Rendici\u00f3n de Cuentas A\u00f1o 2020 Link Presupuesto P 2020_compressed Link aprobaci\u00f3n presupuesto [&hellip;]<\/p>\n","protected":false},"author":6,"featured_media":0,"parent":0,"menu_order":0,"comment_status":"closed","ping_status":"closed","template":"","meta":{"footnotes":""},"class_list":["post-1910","page","type-page","status-publish","hentry"],"yoast_head":"<!-- This site is optimized with the Yoast SEO plugin v25.3.1 - https:\/\/yoast.com\/wordpress\/plugins\/seo\/ -->\n<title>Rendici\u00f3n de Cuentas 2020 - GAD parroquial Mariano Moreno<\/title>\n<meta name=\"robots\" content=\"index, follow, max-snippet:-1, max-image-preview:large, max-video-preview:-1\" \/>\n<link rel=\"canonical\" href=\"https:\/\/marianomoreno.gob.ec\/azuay\/rendicion-de-cuentas-2020\/\" \/>\n<meta property=\"og:locale\" content=\"es_ES\" \/>\n<meta property=\"og:type\" content=\"article\" \/>\n<meta property=\"og:title\" content=\"Rendici\u00f3n de Cuentas 2020 - GAD parroquial Mariano Moreno\" \/>\n<meta property=\"og:description\" content=\"RENDICI\u00d3N DE CUENTAS DE LA GESTI\u00d3N DEL A\u00d1O 2020 GAD PARROQUIAL RURAL DE MARIANO MORENO INFORMES DE RENDICI\u00d3N DE CUENTAS \ufeff &nbsp; INFORME INSTITUCIONAL Informe Rendicion Cuentas GAD Informe Rendicion Cuentas GAD PDF &nbsp; Invitaci\u00f3n al proceso de rendici\u00f3n de cuentas Enlaces de Rendici\u00f3n de Cuentas A\u00f1o 2020 Link Presupuesto P 2020_compressed Link aprobaci\u00f3n presupuesto [&hellip;]\" \/>\n<meta property=\"og:url\" content=\"https:\/\/marianomoreno.gob.ec\/azuay\/rendicion-de-cuentas-2020\/\" \/>\n<meta property=\"og:site_name\" content=\"GAD parroquial Mariano Moreno\" \/>\n<meta property=\"article:modified_time\" content=\"2021-07-28T21:40:37+00:00\" \/>\n<meta property=\"og:image\" content=\"https:\/\/marianomoreno.gob.ec\/azuay\/wp-content\/uploads\/2021\/07\/WhatsApp-Image-2021-07-02-at-12.03.20.jpeg\" \/>\n<meta name=\"twitter:card\" content=\"summary_large_image\" \/>\n<meta name=\"twitter:label1\" content=\"Tiempo de lectura\" \/>\n\t<meta name=\"twitter:data1\" content=\"2 minutos\" \/>\n<script type=\"application\/ld+json\" class=\"yoast-schema-graph\">{\"@context\":\"https:\/\/schema.org\",\"@graph\":[{\"@type\":\"WebPage\",\"@id\":\"https:\/\/marianomoreno.gob.ec\/azuay\/rendicion-de-cuentas-2020\/\",\"url\":\"https:\/\/marianomoreno.gob.ec\/azuay\/rendicion-de-cuentas-2020\/\",\"name\":\"Rendici\u00f3n de Cuentas 2020 - GAD parroquial Mariano Moreno\",\"isPartOf\":{\"@id\":\"https:\/\/marianomoreno.gob.ec\/azuay\/#website\"},\"primaryImageOfPage\":{\"@id\":\"https:\/\/marianomoreno.gob.ec\/azuay\/rendicion-de-cuentas-2020\/#primaryimage\"},\"image\":{\"@id\":\"https:\/\/marianomoreno.gob.ec\/azuay\/rendicion-de-cuentas-2020\/#primaryimage\"},\"thumbnailUrl\":\"https:\/\/marianomoreno.gob.ec\/azuay\/wp-content\/uploads\/2021\/07\/WhatsApp-Image-2021-07-02-at-12.03.20.jpeg\",\"datePublished\":\"2020-01-19T16:18:36+00:00\",\"dateModified\":\"2021-07-28T21:40:37+00:00\",\"breadcrumb\":{\"@id\":\"https:\/\/marianomoreno.gob.ec\/azuay\/rendicion-de-cuentas-2020\/#breadcrumb\"},\"inLanguage\":\"es\",\"potentialAction\":[{\"@type\":\"ReadAction\",\"target\":[\"https:\/\/marianomoreno.gob.ec\/azuay\/rendicion-de-cuentas-2020\/\"]}]},{\"@type\":\"ImageObject\",\"inLanguage\":\"es\",\"@id\":\"https:\/\/marianomoreno.gob.ec\/azuay\/rendicion-de-cuentas-2020\/#primaryimage\",\"url\":\"https:\/\/marianomoreno.gob.ec\/azuay\/wp-content\/uploads\/2021\/07\/WhatsApp-Image-2021-07-02-at-12.03.20.jpeg\",\"contentUrl\":\"https:\/\/marianomoreno.gob.ec\/azuay\/wp-content\/uploads\/2021\/07\/WhatsApp-Image-2021-07-02-at-12.03.20.jpeg\",\"width\":720,\"height\":1280},{\"@type\":\"BreadcrumbList\",\"@id\":\"https:\/\/marianomoreno.gob.ec\/azuay\/rendicion-de-cuentas-2020\/#breadcrumb\",\"itemListElement\":[{\"@type\":\"ListItem\",\"position\":1,\"name\":\"Portada\",\"item\":\"https:\/\/marianomoreno.gob.ec\/azuay\/\"},{\"@type\":\"ListItem\",\"position\":2,\"name\":\"Rendici\u00f3n de Cuentas 2020\"}]},{\"@type\":\"WebSite\",\"@id\":\"https:\/\/marianomoreno.gob.ec\/azuay\/#website\",\"url\":\"https:\/\/marianomoreno.gob.ec\/azuay\/\",\"name\":\"GAD parroquial Mariano Moreno\",\"description\":\"Sitio Oficial del GAD Parroquial Mariano Moreno Azuay\",\"publisher\":{\"@id\":\"https:\/\/marianomoreno.gob.ec\/azuay\/#organization\"},\"potentialAction\":[{\"@type\":\"SearchAction\",\"target\":{\"@type\":\"EntryPoint\",\"urlTemplate\":\"https:\/\/marianomoreno.gob.ec\/azuay\/?s={search_term_string}\"},\"query-input\":{\"@type\":\"PropertyValueSpecification\",\"valueRequired\":true,\"valueName\":\"search_term_string\"}}],\"inLanguage\":\"es\"},{\"@type\":\"Organization\",\"@id\":\"https:\/\/marianomoreno.gob.ec\/azuay\/#organization\",\"name\":\"GAD Mariano Moreno Azuay\",\"url\":\"https:\/\/marianomoreno.gob.ec\/azuay\/\",\"logo\":{\"@type\":\"ImageObject\",\"inLanguage\":\"es\",\"@id\":\"https:\/\/marianomoreno.gob.ec\/azuay\/#\/schema\/logo\/image\/\",\"url\":\"https:\/\/marianomoreno.gob.ec\/azuay\/wp-content\/uploads\/2020\/06\/logoFooter.png\",\"contentUrl\":\"https:\/\/marianomoreno.gob.ec\/azuay\/wp-content\/uploads\/2020\/06\/logoFooter.png\",\"width\":200,\"height\":150,\"caption\":\"GAD Mariano Moreno Azuay\"},\"image\":{\"@id\":\"https:\/\/marianomoreno.gob.ec\/azuay\/#\/schema\/logo\/image\/\"}}]}<\/script>\n<!-- \/ Yoast SEO plugin. -->","yoast_head_json":{"title":"Rendici\u00f3n de Cuentas 2020 - GAD parroquial Mariano Moreno","robots":{"index":"index","follow":"follow","max-snippet":"max-snippet:-1","max-image-preview":"max-image-preview:large","max-video-preview":"max-video-preview:-1"},"canonical":"https:\/\/marianomoreno.gob.ec\/azuay\/rendicion-de-cuentas-2020\/","og_locale":"es_ES","og_type":"article","og_title":"Rendici\u00f3n de Cuentas 2020 - GAD parroquial Mariano Moreno","og_description":"RENDICI\u00d3N DE CUENTAS DE LA GESTI\u00d3N DEL A\u00d1O 2020 GAD PARROQUIAL RURAL DE MARIANO MORENO INFORMES DE RENDICI\u00d3N DE CUENTAS \ufeff &nbsp; INFORME INSTITUCIONAL Informe Rendicion Cuentas GAD Informe Rendicion Cuentas GAD PDF &nbsp; Invitaci\u00f3n al proceso de rendici\u00f3n de cuentas Enlaces de Rendici\u00f3n de Cuentas A\u00f1o 2020 Link Presupuesto P 2020_compressed Link aprobaci\u00f3n presupuesto [&hellip;]","og_url":"https:\/\/marianomoreno.gob.ec\/azuay\/rendicion-de-cuentas-2020\/","og_site_name":"GAD parroquial Mariano Moreno","article_modified_time":"2021-07-28T21:40:37+00:00","og_image":[{"url":"https:\/\/marianomoreno.gob.ec\/azuay\/wp-content\/uploads\/2021\/07\/WhatsApp-Image-2021-07-02-at-12.03.20.jpeg","type":"","width":"","height":""}],"twitter_card":"summary_large_image","twitter_misc":{"Tiempo de lectura":"2 minutos"},"schema":{"@context":"https:\/\/schema.org","@graph":[{"@type":"WebPage","@id":"https:\/\/marianomoreno.gob.ec\/azuay\/rendicion-de-cuentas-2020\/","url":"https:\/\/marianomoreno.gob.ec\/azuay\/rendicion-de-cuentas-2020\/","name":"Rendici\u00f3n de Cuentas 2020 - GAD parroquial Mariano Moreno","isPartOf":{"@id":"https:\/\/marianomoreno.gob.ec\/azuay\/#website"},"primaryImageOfPage":{"@id":"https:\/\/marianomoreno.gob.ec\/azuay\/rendicion-de-cuentas-2020\/#primaryimage"},"image":{"@id":"https:\/\/marianomoreno.gob.ec\/azuay\/rendicion-de-cuentas-2020\/#primaryimage"},"thumbnailUrl":"https:\/\/marianomoreno.gob.ec\/azuay\/wp-content\/uploads\/2021\/07\/WhatsApp-Image-2021-07-02-at-12.03.20.jpeg","datePublished":"2020-01-19T16:18:36+00:00","dateModified":"2021-07-28T21:40:37+00:00","breadcrumb":{"@id":"https:\/\/marianomoreno.gob.ec\/azuay\/rendicion-de-cuentas-2020\/#breadcrumb"},"inLanguage":"es","potentialAction":[{"@type":"ReadAction","target":["https:\/\/marianomoreno.gob.ec\/azuay\/rendicion-de-cuentas-2020\/"]}]},{"@type":"ImageObject","inLanguage":"es","@id":"https:\/\/marianomoreno.gob.ec\/azuay\/rendicion-de-cuentas-2020\/#primaryimage","url":"https:\/\/marianomoreno.gob.ec\/azuay\/wp-content\/uploads\/2021\/07\/WhatsApp-Image-2021-07-02-at-12.03.20.jpeg","contentUrl":"https:\/\/marianomoreno.gob.ec\/azuay\/wp-content\/uploads\/2021\/07\/WhatsApp-Image-2021-07-02-at-12.03.20.jpeg","width":720,"height":1280},{"@type":"BreadcrumbList","@id":"https:\/\/marianomoreno.gob.ec\/azuay\/rendicion-de-cuentas-2020\/#breadcrumb","itemListElement":[{"@type":"ListItem","position":1,"name":"Portada","item":"https:\/\/marianomoreno.gob.ec\/azuay\/"},{"@type":"ListItem","position":2,"name":"Rendici\u00f3n de Cuentas 2020"}]},{"@type":"WebSite","@id":"https:\/\/marianomoreno.gob.ec\/azuay\/#website","url":"https:\/\/marianomoreno.gob.ec\/azuay\/","name":"GAD parroquial Mariano Moreno","description":"Sitio Oficial del GAD Parroquial Mariano Moreno Azuay","publisher":{"@id":"https:\/\/marianomoreno.gob.ec\/azuay\/#organization"},"potentialAction":[{"@type":"SearchAction","target":{"@type":"EntryPoint","urlTemplate":"https:\/\/marianomoreno.gob.ec\/azuay\/?s={search_term_string}"},"query-input":{"@type":"PropertyValueSpecification","valueRequired":true,"valueName":"search_term_string"}}],"inLanguage":"es"},{"@type":"Organization","@id":"https:\/\/marianomoreno.gob.ec\/azuay\/#organization","name":"GAD Mariano Moreno Azuay","url":"https:\/\/marianomoreno.gob.ec\/azuay\/","logo":{"@type":"ImageObject","inLanguage":"es","@id":"https:\/\/marianomoreno.gob.ec\/azuay\/#\/schema\/logo\/image\/","url":"https:\/\/marianomoreno.gob.ec\/azuay\/wp-content\/uploads\/2020\/06\/logoFooter.png","contentUrl":"https:\/\/marianomoreno.gob.ec\/azuay\/wp-content\/uploads\/2020\/06\/logoFooter.png","width":200,"height":150,"caption":"GAD Mariano Moreno Azuay"},"image":{"@id":"https:\/\/marianomoreno.gob.ec\/azuay\/#\/schema\/logo\/image\/"}}]}},"_links":{"self":[{"href":"https:\/\/marianomoreno.gob.ec\/azuay\/wp-json\/wp\/v2\/pages\/1910","targetHints":{"allow":["GET"]}}],"collection":[{"href":"https:\/\/marianomoreno.gob.ec\/azuay\/wp-json\/wp\/v2\/pages"}],"about":[{"href":"https:\/\/marianomoreno.gob.ec\/azuay\/wp-json\/wp\/v2\/types\/page"}],"author":[{"embeddable":true,"href":"https:\/\/marianomoreno.gob.ec\/azuay\/wp-json\/wp\/v2\/users\/6"}],"replies":[{"embeddable":true,"href":"https:\/\/marianomoreno.gob.ec\/azuay\/wp-json\/wp\/v2\/comments?post=1910"}],"version-history":[{"count":48,"href":"https:\/\/marianomoreno.gob.ec\/azuay\/wp-json\/wp\/v2\/pages\/1910\/revisions"}],"predecessor-version":[{"id":2477,"href":"https:\/\/marianomoreno.gob.ec\/azuay\/wp-json\/wp\/v2\/pages\/1910\/revisions\/2477"}],"wp:attachment":[{"href":"https:\/\/marianomoreno.gob.ec\/azuay\/wp-json\/wp\/v2\/media?parent=1910"}],"curies":[{"name":"wp","href":"https:\/\/api.w.org\/{rel}","templated":true}]}}