{"id":58,"date":"2014-10-24T10:01:28","date_gmt":"2014-10-24T14:01:28","guid":{"rendered":"http:\/\/marianomoreno.gob.ec\/azuay\/?page_id=58"},"modified":"2024-05-14T17:34:31","modified_gmt":"2024-05-14T21:34:31","slug":"proceso-de-contratacion","status":"publish","type":"page","link":"https:\/\/marianomoreno.gob.ec\/azuay\/proceso-de-contratacion\/","title":{"rendered":"Proceso de Contrataci\u00f3n"},"content":{"rendered":"<p>&nbsp;<\/p>\n<p>&nbsp;<\/p>\n<p><span style=\"font-size: 14pt;\"><strong>SUBASTA INVERSA ELECTR\u00d3NICA<\/strong><\/span><\/p>\n<p><a href=\"https:\/\/www.compraspublicas.gob.ec\/ProcesoContratacion\/compras\/PC\/informacionProcesoContratacion2.cpe?idSoliCompra=ieTsiiL7gTgiPku0ycpEYSzgYot0IX7NcybFO6lMECI,\">SIE-GADPRMM-2023-001<\/a><\/p>\n<p>\u201cADQUISICI\u00d3N V\u00cdVERES NO PERECIBLES PARA ENTREGA MEDIANTE KITS DE ALIMENTOS A PERSONAS ADULTAS MAYORES Y PERSONAS CON DISCAPACIDAD DE LA PARROQUIA MARIANO MORENO, CANT\u00d3N GUALACEO, PROVINCIA DEL AZUAY\u201d<\/p>\n<p><a href=\"https:\/\/www.compraspublicas.gob.ec\/ProcesoContratacion\/compras\/PC\/buscarProceso.cpe?trx=50007#\">https:\/\/www.compraspublicas.gob.ec\/ProcesoContratacion\/compras\/PC\/buscarProceso.cpe?trx=50007#<\/a><\/p>\n<p>&nbsp;<\/p>\n<p><strong><span style=\"font-size: 14pt;\">CONTRATACI\u00d3N DIRECTA CONSULTOR\u00cdA<\/span><\/strong><\/p>\n<p>CDC-GADPRMM-2023-01<\/p>\n<p>ACTUALIZACI\u00d3N DEL PLAN DE DESARROLLO Y ORDENAMIENTO TERRITORIAL DE LA PARROQUIA RURAL MARIANO MORENO, PERTENECIENTE AL CANT\u00d3N GUALACEO, PROVINCIA DEL AZUAY 2023 &#8211; 2027<\/p>\n<p><a href=\"https:\/\/www.compraspublicas.gob.ec\/ProcesoContratacion\/compras\/PC\/informacionProcesoContratacion2.cpe?idSoliCompra=YkmdJCr723jReZmnnCn6zpxsrxPzKdcxD6cpwM6qR4g,\">https:\/\/www.compraspublicas.gob.ec\/ProcesoContratacion\/compras\/PC\/informacionProcesoContratacion2.cpe?idSoliCompra=YkmdJCr723jReZmnnCn6zpxsrxPzKdcxD6cpwM6qR4g,<\/a><\/p>\n<p>&nbsp;<\/p>\n<p><span style=\"font-size: 14pt;\"><strong>R\u00c9GIMEN ESPECIAL<\/strong><\/span><\/p>\n<p><a class=\"__modal__\" href=\"https:\/\/www.compraspublicas.gob.ec\/ProcesoContratacion\/compras\/PC\/informacionProcesoContratacion2.cpe?idSoliCompra=Aa3zG5skF3s4U0zi3R9JYYdkGxE6PVy9MM-_U38Vqh8,\">RE-OACL-GADMM-1-2023<\/a><\/p>\n<p>CONTRATACI\u00d3N DE SERVICIOS DE ORGANIZACI\u00d3N, LOGISTICA Y PAQUETE ART\u00cdSTICO PARA EL FOMENTO AL RESCATE Y FORTALECIMIENTO DE LA CULTURA Y TRADICIONES POR LA CONMEMORACI\u00d3N DE LOS 83 A\u00d1OS DE ANIVERSARIO DE PARROQUIALIZACI\u00d3N DE MARIANO MORENO-GUALACEO-AZUAY<\/p>\n<p><a href=\"https:\/\/www.compraspublicas.gob.ec\/ProcesoContratacion\/compras\/PC\/buscarProcesoRE.cpe?op=R#\">https:\/\/www.compraspublicas.gob.ec\/ProcesoContratacion\/compras\/PC\/buscarProcesoRE.cpe?op=R#<\/a><\/p>\n<p><a class=\"__modal__\" href=\"https:\/\/www.compraspublicas.gob.ec\/ProcesoContratacion\/compras\/PC\/informacionProcesoContratacion2.cpe?idSoliCompra=kDV4qUlEZ62ShTRPHuVu3nh7Q7O68qIEYtLN0xEvMdo,\">RE-CEP-GADPRMM-2023-02<\/a><\/p>\n<p>MANTENIMIENTO VIAL A NIVEL DE LASTRE DE LAS V\u00cdAS RURALES DE LA PARROQUIA MARIANO MORENO, DEL CANT\u00d3N GUALACEO, PROVINCIA DEL AZUAY, CON LOS RECURSOS DEL MANTENIMIENTO VIAL DELEGADO 2022<\/p>\n<p><a class=\"__modal__\" href=\"https:\/\/www.compraspublicas.gob.ec\/ProcesoContratacion\/compras\/PC\/informacionProcesoContratacion2.cpe?idSoliCompra=FNJdNZ0f-7jrWis9VzW4VmMH_-FLUj6ufox8uqk-vgk,\">RE-CEP-GADPMM-1-2023<\/a><\/p>\n<p>MEJORAMIENTO A NIVEL DE DOBLE TRATAMIENTO SUPERFICIAL BITUMINOSO DE LA V\u00cdA CALLASAY CHICO ZHORDAN, CON UNA LONGITUD APROXIMADA DE 1,1 KM UBICADA EN LA PARROQUIA MARIANO MORENO, CANT\u00d3N GUALACEO, PROVINCIA DEL AZUAY<\/p>\n<p><a href=\"https:\/\/www.compraspublicas.gob.ec\/ProcesoContratacion\/compras\/PC\/buscarProcesoRE.cpe?op=R#\">https:\/\/www.compraspublicas.gob.ec\/ProcesoContratacion\/compras\/PC\/buscarProcesoRE.cpe?op=R#<\/a><\/p>\n<p>&nbsp;<\/p>\n<p><span style=\"font-size: 14pt;\"><strong>\u00cdNFIMA CUANT\u00cdA<\/strong><\/span><\/p>\n<p><a href=\"https:\/\/www.compraspublicas.gob.ec\/ProcesoContratacion\/compras\/IC\/buscarInfima.cpe\">https:\/\/www.compraspublicas.gob.ec\/ProcesoContratacion\/compras\/IC\/buscarInfima.cpe<\/a><\/p>\n<p>&nbsp;<\/p>\n<p><span style=\"font-size: 14pt;\"><strong>CAT\u00c1LOGO ELECTRONICO<\/strong><\/span><\/p>\n<p>&nbsp;<\/p>\n<p>&nbsp;<\/p>\n<p><strong>COMO BUSCAR<\/strong><\/p>\n<p>&#8211; En<em><strong> Entidad Contratante<\/strong><\/em> colocar el nombre de la parroquia y hacer click en el bot\u00f3n <em>Buscar Entidad<\/em>.<\/p>\n<p>&#8211; Hacer click en el nombre de la Parroquia.<\/p>\n<p>&#8211; Ahora que esta colocado el nombre en <em><strong>Entidad Contratante<\/strong><\/em>, nos vamos al final de la hoja y le hacemos click en <em>Buscar<\/em><\/p>\n<p>&nbsp;<\/p>\n<p><iframe loading=\"lazy\" src=\"https:\/\/www.compraspublicas.gob.ec\/ProcesoContratacion\/compras\/PC\/buscarProceso.cpe\" width=\"730\" height=\"800\" frameborder=\"1\" scrolling=\"auto\"><\/iframe><\/p>\n","protected":false},"excerpt":{"rendered":"<p>&nbsp; &nbsp; SUBASTA INVERSA ELECTR\u00d3NICA SIE-GADPRMM-2023-001 \u201cADQUISICI\u00d3N V\u00cdVERES NO PERECIBLES PARA ENTREGA MEDIANTE KITS DE ALIMENTOS A PERSONAS ADULTAS MAYORES Y PERSONAS CON DISCAPACIDAD DE LA PARROQUIA MARIANO MORENO, CANT\u00d3N GUALACEO, PROVINCIA DEL AZUAY\u201d https:\/\/www.compraspublicas.gob.ec\/ProcesoContratacion\/compras\/PC\/buscarProceso.cpe?trx=50007# &nbsp; CONTRATACI\u00d3N DIRECTA CONSULTOR\u00cdA CDC-GADPRMM-2023-01 ACTUALIZACI\u00d3N DEL PLAN DE DESARROLLO Y ORDENAMIENTO TERRITORIAL DE LA PARROQUIA RURAL MARIANO MORENO, PERTENECIENTE [&hellip;]<\/p>\n","protected":false},"author":6,"featured_media":0,"parent":0,"menu_order":0,"comment_status":"closed","ping_status":"closed","template":"","meta":{"footnotes":""},"class_list":["post-58","page","type-page","status-publish","hentry"],"yoast_head":"<!-- This site is optimized with the Yoast SEO plugin v25.3.1 - https:\/\/yoast.com\/wordpress\/plugins\/seo\/ -->\n<title>Proceso de Contrataci\u00f3n - GAD parroquial Mariano Moreno<\/title>\n<meta name=\"robots\" content=\"index, follow, max-snippet:-1, max-image-preview:large, max-video-preview:-1\" \/>\n<link rel=\"canonical\" href=\"https:\/\/marianomoreno.gob.ec\/azuay\/proceso-de-contratacion\/\" \/>\n<meta property=\"og:locale\" content=\"es_ES\" \/>\n<meta property=\"og:type\" content=\"article\" \/>\n<meta property=\"og:title\" content=\"Proceso de Contrataci\u00f3n - GAD parroquial Mariano Moreno\" \/>\n<meta property=\"og:description\" content=\"&nbsp; &nbsp; SUBASTA INVERSA ELECTR\u00d3NICA SIE-GADPRMM-2023-001 \u201cADQUISICI\u00d3N V\u00cdVERES NO PERECIBLES PARA ENTREGA MEDIANTE KITS DE ALIMENTOS A PERSONAS ADULTAS MAYORES Y PERSONAS CON DISCAPACIDAD DE LA PARROQUIA MARIANO MORENO, CANT\u00d3N GUALACEO, PROVINCIA DEL AZUAY\u201d https:\/\/www.compraspublicas.gob.ec\/ProcesoContratacion\/compras\/PC\/buscarProceso.cpe?trx=50007# &nbsp; CONTRATACI\u00d3N DIRECTA CONSULTOR\u00cdA CDC-GADPRMM-2023-01 ACTUALIZACI\u00d3N DEL PLAN DE DESARROLLO Y ORDENAMIENTO TERRITORIAL DE LA PARROQUIA RURAL MARIANO MORENO, PERTENECIENTE [&hellip;]\" \/>\n<meta property=\"og:url\" content=\"https:\/\/marianomoreno.gob.ec\/azuay\/proceso-de-contratacion\/\" \/>\n<meta property=\"og:site_name\" content=\"GAD parroquial Mariano Moreno\" \/>\n<meta property=\"article:modified_time\" content=\"2024-05-14T21:34:31+00:00\" \/>\n<meta name=\"twitter:card\" content=\"summary_large_image\" \/>\n<meta name=\"twitter:label1\" content=\"Tiempo de lectura\" \/>\n\t<meta name=\"twitter:data1\" content=\"1 minuto\" \/>\n<script type=\"application\/ld+json\" class=\"yoast-schema-graph\">{\"@context\":\"https:\/\/schema.org\",\"@graph\":[{\"@type\":\"WebPage\",\"@id\":\"https:\/\/marianomoreno.gob.ec\/azuay\/proceso-de-contratacion\/\",\"url\":\"https:\/\/marianomoreno.gob.ec\/azuay\/proceso-de-contratacion\/\",\"name\":\"Proceso de Contrataci\u00f3n - GAD parroquial Mariano Moreno\",\"isPartOf\":{\"@id\":\"https:\/\/marianomoreno.gob.ec\/azuay\/#website\"},\"datePublished\":\"2014-10-24T14:01:28+00:00\",\"dateModified\":\"2024-05-14T21:34:31+00:00\",\"breadcrumb\":{\"@id\":\"https:\/\/marianomoreno.gob.ec\/azuay\/proceso-de-contratacion\/#breadcrumb\"},\"inLanguage\":\"es\",\"potentialAction\":[{\"@type\":\"ReadAction\",\"target\":[\"https:\/\/marianomoreno.gob.ec\/azuay\/proceso-de-contratacion\/\"]}]},{\"@type\":\"BreadcrumbList\",\"@id\":\"https:\/\/marianomoreno.gob.ec\/azuay\/proceso-de-contratacion\/#breadcrumb\",\"itemListElement\":[{\"@type\":\"ListItem\",\"position\":1,\"name\":\"Portada\",\"item\":\"https:\/\/marianomoreno.gob.ec\/azuay\/\"},{\"@type\":\"ListItem\",\"position\":2,\"name\":\"Proceso de Contrataci\u00f3n\"}]},{\"@type\":\"WebSite\",\"@id\":\"https:\/\/marianomoreno.gob.ec\/azuay\/#website\",\"url\":\"https:\/\/marianomoreno.gob.ec\/azuay\/\",\"name\":\"GAD parroquial Mariano Moreno\",\"description\":\"Sitio Oficial del GAD Parroquial Mariano Moreno Azuay\",\"publisher\":{\"@id\":\"https:\/\/marianomoreno.gob.ec\/azuay\/#organization\"},\"potentialAction\":[{\"@type\":\"SearchAction\",\"target\":{\"@type\":\"EntryPoint\",\"urlTemplate\":\"https:\/\/marianomoreno.gob.ec\/azuay\/?s={search_term_string}\"},\"query-input\":{\"@type\":\"PropertyValueSpecification\",\"valueRequired\":true,\"valueName\":\"search_term_string\"}}],\"inLanguage\":\"es\"},{\"@type\":\"Organization\",\"@id\":\"https:\/\/marianomoreno.gob.ec\/azuay\/#organization\",\"name\":\"GAD Mariano Moreno Azuay\",\"url\":\"https:\/\/marianomoreno.gob.ec\/azuay\/\",\"logo\":{\"@type\":\"ImageObject\",\"inLanguage\":\"es\",\"@id\":\"https:\/\/marianomoreno.gob.ec\/azuay\/#\/schema\/logo\/image\/\",\"url\":\"https:\/\/marianomoreno.gob.ec\/azuay\/wp-content\/uploads\/2020\/06\/logoFooter.png\",\"contentUrl\":\"https:\/\/marianomoreno.gob.ec\/azuay\/wp-content\/uploads\/2020\/06\/logoFooter.png\",\"width\":200,\"height\":150,\"caption\":\"GAD Mariano Moreno Azuay\"},\"image\":{\"@id\":\"https:\/\/marianomoreno.gob.ec\/azuay\/#\/schema\/logo\/image\/\"}}]}<\/script>\n<!-- \/ Yoast SEO plugin. -->","yoast_head_json":{"title":"Proceso de Contrataci\u00f3n - GAD parroquial Mariano Moreno","robots":{"index":"index","follow":"follow","max-snippet":"max-snippet:-1","max-image-preview":"max-image-preview:large","max-video-preview":"max-video-preview:-1"},"canonical":"https:\/\/marianomoreno.gob.ec\/azuay\/proceso-de-contratacion\/","og_locale":"es_ES","og_type":"article","og_title":"Proceso de Contrataci\u00f3n - GAD parroquial Mariano Moreno","og_description":"&nbsp; &nbsp; SUBASTA INVERSA ELECTR\u00d3NICA SIE-GADPRMM-2023-001 \u201cADQUISICI\u00d3N V\u00cdVERES NO PERECIBLES PARA ENTREGA MEDIANTE KITS DE ALIMENTOS A PERSONAS ADULTAS MAYORES Y PERSONAS CON DISCAPACIDAD DE LA PARROQUIA MARIANO MORENO, CANT\u00d3N GUALACEO, PROVINCIA DEL AZUAY\u201d https:\/\/www.compraspublicas.gob.ec\/ProcesoContratacion\/compras\/PC\/buscarProceso.cpe?trx=50007# &nbsp; CONTRATACI\u00d3N DIRECTA CONSULTOR\u00cdA CDC-GADPRMM-2023-01 ACTUALIZACI\u00d3N DEL PLAN DE DESARROLLO Y ORDENAMIENTO TERRITORIAL DE LA PARROQUIA RURAL MARIANO MORENO, PERTENECIENTE [&hellip;]","og_url":"https:\/\/marianomoreno.gob.ec\/azuay\/proceso-de-contratacion\/","og_site_name":"GAD parroquial Mariano Moreno","article_modified_time":"2024-05-14T21:34:31+00:00","twitter_card":"summary_large_image","twitter_misc":{"Tiempo de lectura":"1 minuto"},"schema":{"@context":"https:\/\/schema.org","@graph":[{"@type":"WebPage","@id":"https:\/\/marianomoreno.gob.ec\/azuay\/proceso-de-contratacion\/","url":"https:\/\/marianomoreno.gob.ec\/azuay\/proceso-de-contratacion\/","name":"Proceso de Contrataci\u00f3n - GAD parroquial Mariano Moreno","isPartOf":{"@id":"https:\/\/marianomoreno.gob.ec\/azuay\/#website"},"datePublished":"2014-10-24T14:01:28+00:00","dateModified":"2024-05-14T21:34:31+00:00","breadcrumb":{"@id":"https:\/\/marianomoreno.gob.ec\/azuay\/proceso-de-contratacion\/#breadcrumb"},"inLanguage":"es","potentialAction":[{"@type":"ReadAction","target":["https:\/\/marianomoreno.gob.ec\/azuay\/proceso-de-contratacion\/"]}]},{"@type":"BreadcrumbList","@id":"https:\/\/marianomoreno.gob.ec\/azuay\/proceso-de-contratacion\/#breadcrumb","itemListElement":[{"@type":"ListItem","position":1,"name":"Portada","item":"https:\/\/marianomoreno.gob.ec\/azuay\/"},{"@type":"ListItem","position":2,"name":"Proceso de Contrataci\u00f3n"}]},{"@type":"WebSite","@id":"https:\/\/marianomoreno.gob.ec\/azuay\/#website","url":"https:\/\/marianomoreno.gob.ec\/azuay\/","name":"GAD parroquial Mariano Moreno","description":"Sitio Oficial del GAD Parroquial Mariano Moreno Azuay","publisher":{"@id":"https:\/\/marianomoreno.gob.ec\/azuay\/#organization"},"potentialAction":[{"@type":"SearchAction","target":{"@type":"EntryPoint","urlTemplate":"https:\/\/marianomoreno.gob.ec\/azuay\/?s={search_term_string}"},"query-input":{"@type":"PropertyValueSpecification","valueRequired":true,"valueName":"search_term_string"}}],"inLanguage":"es"},{"@type":"Organization","@id":"https:\/\/marianomoreno.gob.ec\/azuay\/#organization","name":"GAD Mariano Moreno Azuay","url":"https:\/\/marianomoreno.gob.ec\/azuay\/","logo":{"@type":"ImageObject","inLanguage":"es","@id":"https:\/\/marianomoreno.gob.ec\/azuay\/#\/schema\/logo\/image\/","url":"https:\/\/marianomoreno.gob.ec\/azuay\/wp-content\/uploads\/2020\/06\/logoFooter.png","contentUrl":"https:\/\/marianomoreno.gob.ec\/azuay\/wp-content\/uploads\/2020\/06\/logoFooter.png","width":200,"height":150,"caption":"GAD Mariano Moreno Azuay"},"image":{"@id":"https:\/\/marianomoreno.gob.ec\/azuay\/#\/schema\/logo\/image\/"}}]}},"_links":{"self":[{"href":"https:\/\/marianomoreno.gob.ec\/azuay\/wp-json\/wp\/v2\/pages\/58","targetHints":{"allow":["GET"]}}],"collection":[{"href":"https:\/\/marianomoreno.gob.ec\/azuay\/wp-json\/wp\/v2\/pages"}],"about":[{"href":"https:\/\/marianomoreno.gob.ec\/azuay\/wp-json\/wp\/v2\/types\/page"}],"author":[{"embeddable":true,"href":"https:\/\/marianomoreno.gob.ec\/azuay\/wp-json\/wp\/v2\/users\/6"}],"replies":[{"embeddable":true,"href":"https:\/\/marianomoreno.gob.ec\/azuay\/wp-json\/wp\/v2\/comments?post=58"}],"version-history":[{"count":8,"href":"https:\/\/marianomoreno.gob.ec\/azuay\/wp-json\/wp\/v2\/pages\/58\/revisions"}],"predecessor-version":[{"id":3543,"href":"https:\/\/marianomoreno.gob.ec\/azuay\/wp-json\/wp\/v2\/pages\/58\/revisions\/3543"}],"wp:attachment":[{"href":"https:\/\/marianomoreno.gob.ec\/azuay\/wp-json\/wp\/v2\/media?parent=58"}],"curies":[{"name":"wp","href":"https:\/\/api.w.org\/{rel}","templated":true}]}}