{"id":890,"date":"2016-03-18T13:37:55","date_gmt":"2016-03-18T17:37:55","guid":{"rendered":"http:\/\/marianomoreno.gob.ec\/azuay\/?page_id=890"},"modified":"2017-06-28T17:22:51","modified_gmt":"2017-06-28T21:22:51","slug":"rendicion-de-cuentas-2016","status":"publish","type":"page","link":"https:\/\/marianomoreno.gob.ec\/azuay\/rendicion-de-cuentas-2016\/","title":{"rendered":"Rendici\u00f3n de Cuentas 2016"},"content":{"rendered":"<p>&nbsp;<\/p>\n<p>&nbsp;<\/p>\n<p style=\"text-align: center;\"><em><strong>PROCESO DE RENDICI\u00d3N DE CUENTAS DEL A\u00d1O \u00a02016\u00a0<\/strong><\/em><\/p>\n<p>&nbsp;<\/p>\n<p><a href=\"http:\/\/marianomoreno.gob.ec\/azuay\/wp-content\/uploads\/2014\/10\/INVITACION-RENDICION-CUENTAS.jpg\"><img loading=\"lazy\" decoding=\"async\" class=\"alignnone size-full wp-image-1483 aligncenter\" src=\"http:\/\/marianomoreno.gob.ec\/azuay\/wp-content\/uploads\/2014\/10\/INVITACION-RENDICION-CUENTAS.jpg\" alt=\"INVITACION RENDICION CUENTAS\" width=\"412\" height=\"588\" data-id=\"1483\" \/><\/a><\/p>\n<p>&nbsp;<\/p>\n<p>&nbsp;<\/p>\n<p>INFORMES DE RENDICI\u00d3N DE CUENTAS<\/p>\n<p><a href=\"http:\/\/marianomoreno.gob.ec\/azuay\/wp-content\/uploads\/2016\/03\/Informe-Economico-de-rendicion-de-cuentas1.pptx\">Informe Economico de rendicion de cuentas<\/a><\/p>\n<p><a href=\"http:\/\/marianomoreno.gob.ec\/azuay\/wp-content\/uploads\/2016\/03\/Triptico-rendicion-c-2016.pdf\">Triptico rendicion c 2016<\/a><\/p>\n<p>MECANISMOS DE PARTICIPACI\u00d3N CIUDADANA<\/p>\n<p><a href=\"http:\/\/marianomoreno.gob.ec\/azuay\/wp-content\/uploads\/2016\/03\/Acta-asamblea-parroquial-02.pdf\">Acta asamblea parroquial 02<\/a><\/p>\n<p><a href=\"http:\/\/marianomoreno.gob.ec\/azuay\/wp-content\/uploads\/2016\/03\/Acta-asamblea-parroquial-03.pdf\">Acta asamblea parroquial 03<\/a><\/p>\n<p><a href=\"http:\/\/marianomoreno.gob.ec\/azuay\/wp-content\/uploads\/2016\/03\/Acta-asamblea-parroquial-04.pdf\">Acta asamblea parroquial 04<\/a><\/p>\n<p><em><strong>FASE 1<\/strong><\/em><\/p>\n<p><a href=\"http:\/\/marianomoreno.gob.ec\/azuay\/wp-content\/uploads\/2016\/03\/ACTA-CONSTITUCION-DEL-EQUIPO.pdf\">ACTA CONSTITUCION DEL EQUIPO<\/a><\/p>\n<p><em><strong>FASE 2<\/strong><\/em><\/p>\n<p><a href=\"http:\/\/marianomoreno.gob.ec\/azuay\/wp-content\/uploads\/2016\/03\/INFORME-A-LA-CIUDADANIA-.pdf\">INFORME A LA CIUDADANIA<\/a><\/p>\n<p>FORMULARIO DEL CPCCS<\/p>\n<p><a href=\"http:\/\/marianomoreno.gob.ec\/azuay\/wp-content\/uploads\/2016\/03\/GAD.xlsx\">formulario \u00a0GAD<\/a><\/p>\n<p><em><strong>FASE 3<\/strong><\/em><\/p>\n<p>MAPEO DE ACTORES (hoja 2)<\/p>\n<p><a href=\"http:\/\/marianomoreno.gob.ec\/azuay\/wp-content\/uploads\/2016\/03\/Entrega-de-Informaci\u00f3n.xlsx\">Entrega-de-Informaci\u00f3n<\/a><\/p>\n<p>LISTADO DE PARTICIPANTES<\/p>\n<p><a href=\"http:\/\/marianomoreno.gob.ec\/azuay\/wp-content\/uploads\/2016\/03\/REGISTRO-ASISTENCIA.pdf\">REGISTRO ASISTENCIA<\/a><\/p>\n<p>MEMORIA DEL ACTA DE RENDICI\u00d3N DE CUENTAS A\u00d1O 2016<\/p>\n<p><a href=\"http:\/\/marianomoreno.gob.ec\/azuay\/wp-content\/uploads\/2016\/03\/memoria-evento-rendicion-cuentas.pdf\">memoria evento rendicion cuentas<\/a><\/p>\n<p>PUBLICIDAD<\/p>\n<p><a href=\"http:\/\/marianomoreno.gob.ec\/azuay\/wp-content\/uploads\/2016\/03\/publicidad-febrero.pdf\">publicidad febrero<\/a><\/p>\n<p>&nbsp;<\/p>\n","protected":false},"excerpt":{"rendered":"<p>&nbsp; &nbsp; PROCESO DE RENDICI\u00d3N DE CUENTAS DEL A\u00d1O \u00a02016\u00a0 &nbsp; &nbsp; &nbsp; INFORMES DE RENDICI\u00d3N DE CUENTAS Informe Economico de rendicion de cuentas Triptico rendicion c 2016 MECANISMOS DE PARTICIPACI\u00d3N CIUDADANA Acta asamblea parroquial 02 Acta asamblea parroquial 03 Acta asamblea parroquial 04 FASE 1 ACTA CONSTITUCION DEL EQUIPO FASE 2 INFORME A LA [&hellip;]<\/p>\n","protected":false},"author":6,"featured_media":0,"parent":0,"menu_order":0,"comment_status":"closed","ping_status":"closed","template":"","meta":{"footnotes":""},"class_list":["post-890","page","type-page","status-publish","hentry"],"yoast_head":"<!-- This site is optimized with the Yoast SEO plugin v27.5 - https:\/\/yoast.com\/product\/yoast-seo-wordpress\/ -->\n<title>Rendici\u00f3n de Cuentas 2016 - GAD parroquial Mariano Moreno<\/title>\n<meta name=\"robots\" content=\"index, follow, max-snippet:-1, max-image-preview:large, max-video-preview:-1\" \/>\n<link rel=\"canonical\" href=\"https:\/\/marianomoreno.gob.ec\/azuay\/rendicion-de-cuentas-2016\/\" \/>\n<meta property=\"og:locale\" content=\"es_ES\" \/>\n<meta property=\"og:type\" content=\"article\" \/>\n<meta property=\"og:title\" content=\"Rendici\u00f3n de Cuentas 2016 - GAD parroquial Mariano Moreno\" \/>\n<meta property=\"og:description\" content=\"&nbsp; &nbsp; PROCESO DE RENDICI\u00d3N DE CUENTAS DEL A\u00d1O \u00a02016\u00a0 &nbsp; &nbsp; &nbsp; INFORMES DE RENDICI\u00d3N DE CUENTAS Informe Economico de rendicion de cuentas Triptico rendicion c 2016 MECANISMOS DE PARTICIPACI\u00d3N CIUDADANA Acta asamblea parroquial 02 Acta asamblea parroquial 03 Acta asamblea parroquial 04 FASE 1 ACTA CONSTITUCION DEL EQUIPO FASE 2 INFORME A LA [&hellip;]\" \/>\n<meta property=\"og:url\" content=\"https:\/\/marianomoreno.gob.ec\/azuay\/rendicion-de-cuentas-2016\/\" \/>\n<meta property=\"og:site_name\" content=\"GAD parroquial Mariano Moreno\" \/>\n<meta property=\"article:modified_time\" content=\"2017-06-28T21:22:51+00:00\" \/>\n<meta property=\"og:image\" content=\"http:\/\/marianomoreno.gob.ec\/azuay\/wp-content\/uploads\/2014\/10\/INVITACION-RENDICION-CUENTAS.jpg\" \/>\n<meta name=\"twitter:card\" content=\"summary_large_image\" \/>\n<script type=\"application\/ld+json\" class=\"yoast-schema-graph\">{\"@context\":\"https:\\\/\\\/schema.org\",\"@graph\":[{\"@type\":\"WebPage\",\"@id\":\"https:\\\/\\\/marianomoreno.gob.ec\\\/azuay\\\/rendicion-de-cuentas-2016\\\/\",\"url\":\"https:\\\/\\\/marianomoreno.gob.ec\\\/azuay\\\/rendicion-de-cuentas-2016\\\/\",\"name\":\"Rendici\u00f3n de Cuentas 2016 - GAD parroquial Mariano Moreno\",\"isPartOf\":{\"@id\":\"https:\\\/\\\/marianomoreno.gob.ec\\\/azuay\\\/#website\"},\"primaryImageOfPage\":{\"@id\":\"https:\\\/\\\/marianomoreno.gob.ec\\\/azuay\\\/rendicion-de-cuentas-2016\\\/#primaryimage\"},\"image\":{\"@id\":\"https:\\\/\\\/marianomoreno.gob.ec\\\/azuay\\\/rendicion-de-cuentas-2016\\\/#primaryimage\"},\"thumbnailUrl\":\"http:\\\/\\\/marianomoreno.gob.ec\\\/azuay\\\/wp-content\\\/uploads\\\/2014\\\/10\\\/INVITACION-RENDICION-CUENTAS.jpg\",\"datePublished\":\"2016-03-18T17:37:55+00:00\",\"dateModified\":\"2017-06-28T21:22:51+00:00\",\"breadcrumb\":{\"@id\":\"https:\\\/\\\/marianomoreno.gob.ec\\\/azuay\\\/rendicion-de-cuentas-2016\\\/#breadcrumb\"},\"inLanguage\":\"es\",\"potentialAction\":[{\"@type\":\"ReadAction\",\"target\":[\"https:\\\/\\\/marianomoreno.gob.ec\\\/azuay\\\/rendicion-de-cuentas-2016\\\/\"]}]},{\"@type\":\"ImageObject\",\"inLanguage\":\"es\",\"@id\":\"https:\\\/\\\/marianomoreno.gob.ec\\\/azuay\\\/rendicion-de-cuentas-2016\\\/#primaryimage\",\"url\":\"https:\\\/\\\/marianomoreno.gob.ec\\\/azuay\\\/wp-content\\\/uploads\\\/2014\\\/10\\\/INVITACION-RENDICION-CUENTAS.jpg\",\"contentUrl\":\"https:\\\/\\\/marianomoreno.gob.ec\\\/azuay\\\/wp-content\\\/uploads\\\/2014\\\/10\\\/INVITACION-RENDICION-CUENTAS.jpg\",\"width\":412,\"height\":588},{\"@type\":\"BreadcrumbList\",\"@id\":\"https:\\\/\\\/marianomoreno.gob.ec\\\/azuay\\\/rendicion-de-cuentas-2016\\\/#breadcrumb\",\"itemListElement\":[{\"@type\":\"ListItem\",\"position\":1,\"name\":\"Portada\",\"item\":\"https:\\\/\\\/marianomoreno.gob.ec\\\/azuay\\\/\"},{\"@type\":\"ListItem\",\"position\":2,\"name\":\"Rendici\u00f3n de Cuentas 2016\"}]},{\"@type\":\"WebSite\",\"@id\":\"https:\\\/\\\/marianomoreno.gob.ec\\\/azuay\\\/#website\",\"url\":\"https:\\\/\\\/marianomoreno.gob.ec\\\/azuay\\\/\",\"name\":\"GAD parroquial Mariano Moreno\",\"description\":\"Sitio Oficial del GAD Parroquial Mariano Moreno Azuay\",\"publisher\":{\"@id\":\"https:\\\/\\\/marianomoreno.gob.ec\\\/azuay\\\/#organization\"},\"potentialAction\":[{\"@type\":\"SearchAction\",\"target\":{\"@type\":\"EntryPoint\",\"urlTemplate\":\"https:\\\/\\\/marianomoreno.gob.ec\\\/azuay\\\/?s={search_term_string}\"},\"query-input\":{\"@type\":\"PropertyValueSpecification\",\"valueRequired\":true,\"valueName\":\"search_term_string\"}}],\"inLanguage\":\"es\"},{\"@type\":\"Organization\",\"@id\":\"https:\\\/\\\/marianomoreno.gob.ec\\\/azuay\\\/#organization\",\"name\":\"GAD Mariano Moreno Azuay\",\"url\":\"https:\\\/\\\/marianomoreno.gob.ec\\\/azuay\\\/\",\"logo\":{\"@type\":\"ImageObject\",\"inLanguage\":\"es\",\"@id\":\"https:\\\/\\\/marianomoreno.gob.ec\\\/azuay\\\/#\\\/schema\\\/logo\\\/image\\\/\",\"url\":\"https:\\\/\\\/marianomoreno.gob.ec\\\/azuay\\\/wp-content\\\/uploads\\\/2020\\\/06\\\/logoFooter.png\",\"contentUrl\":\"https:\\\/\\\/marianomoreno.gob.ec\\\/azuay\\\/wp-content\\\/uploads\\\/2020\\\/06\\\/logoFooter.png\",\"width\":200,\"height\":150,\"caption\":\"GAD Mariano Moreno Azuay\"},\"image\":{\"@id\":\"https:\\\/\\\/marianomoreno.gob.ec\\\/azuay\\\/#\\\/schema\\\/logo\\\/image\\\/\"}}]}<\/script>\n<!-- \/ Yoast SEO plugin. -->","yoast_head_json":{"title":"Rendici\u00f3n de Cuentas 2016 - GAD parroquial Mariano Moreno","robots":{"index":"index","follow":"follow","max-snippet":"max-snippet:-1","max-image-preview":"max-image-preview:large","max-video-preview":"max-video-preview:-1"},"canonical":"https:\/\/marianomoreno.gob.ec\/azuay\/rendicion-de-cuentas-2016\/","og_locale":"es_ES","og_type":"article","og_title":"Rendici\u00f3n de Cuentas 2016 - GAD parroquial Mariano Moreno","og_description":"&nbsp; &nbsp; PROCESO DE RENDICI\u00d3N DE CUENTAS DEL A\u00d1O \u00a02016\u00a0 &nbsp; &nbsp; &nbsp; INFORMES DE RENDICI\u00d3N DE CUENTAS Informe Economico de rendicion de cuentas Triptico rendicion c 2016 MECANISMOS DE PARTICIPACI\u00d3N CIUDADANA Acta asamblea parroquial 02 Acta asamblea parroquial 03 Acta asamblea parroquial 04 FASE 1 ACTA CONSTITUCION DEL EQUIPO FASE 2 INFORME A LA [&hellip;]","og_url":"https:\/\/marianomoreno.gob.ec\/azuay\/rendicion-de-cuentas-2016\/","og_site_name":"GAD parroquial Mariano Moreno","article_modified_time":"2017-06-28T21:22:51+00:00","og_image":[{"url":"http:\/\/marianomoreno.gob.ec\/azuay\/wp-content\/uploads\/2014\/10\/INVITACION-RENDICION-CUENTAS.jpg","type":"","width":"","height":""}],"twitter_card":"summary_large_image","schema":{"@context":"https:\/\/schema.org","@graph":[{"@type":"WebPage","@id":"https:\/\/marianomoreno.gob.ec\/azuay\/rendicion-de-cuentas-2016\/","url":"https:\/\/marianomoreno.gob.ec\/azuay\/rendicion-de-cuentas-2016\/","name":"Rendici\u00f3n de Cuentas 2016 - GAD parroquial Mariano Moreno","isPartOf":{"@id":"https:\/\/marianomoreno.gob.ec\/azuay\/#website"},"primaryImageOfPage":{"@id":"https:\/\/marianomoreno.gob.ec\/azuay\/rendicion-de-cuentas-2016\/#primaryimage"},"image":{"@id":"https:\/\/marianomoreno.gob.ec\/azuay\/rendicion-de-cuentas-2016\/#primaryimage"},"thumbnailUrl":"http:\/\/marianomoreno.gob.ec\/azuay\/wp-content\/uploads\/2014\/10\/INVITACION-RENDICION-CUENTAS.jpg","datePublished":"2016-03-18T17:37:55+00:00","dateModified":"2017-06-28T21:22:51+00:00","breadcrumb":{"@id":"https:\/\/marianomoreno.gob.ec\/azuay\/rendicion-de-cuentas-2016\/#breadcrumb"},"inLanguage":"es","potentialAction":[{"@type":"ReadAction","target":["https:\/\/marianomoreno.gob.ec\/azuay\/rendicion-de-cuentas-2016\/"]}]},{"@type":"ImageObject","inLanguage":"es","@id":"https:\/\/marianomoreno.gob.ec\/azuay\/rendicion-de-cuentas-2016\/#primaryimage","url":"https:\/\/marianomoreno.gob.ec\/azuay\/wp-content\/uploads\/2014\/10\/INVITACION-RENDICION-CUENTAS.jpg","contentUrl":"https:\/\/marianomoreno.gob.ec\/azuay\/wp-content\/uploads\/2014\/10\/INVITACION-RENDICION-CUENTAS.jpg","width":412,"height":588},{"@type":"BreadcrumbList","@id":"https:\/\/marianomoreno.gob.ec\/azuay\/rendicion-de-cuentas-2016\/#breadcrumb","itemListElement":[{"@type":"ListItem","position":1,"name":"Portada","item":"https:\/\/marianomoreno.gob.ec\/azuay\/"},{"@type":"ListItem","position":2,"name":"Rendici\u00f3n de Cuentas 2016"}]},{"@type":"WebSite","@id":"https:\/\/marianomoreno.gob.ec\/azuay\/#website","url":"https:\/\/marianomoreno.gob.ec\/azuay\/","name":"GAD parroquial Mariano Moreno","description":"Sitio Oficial del GAD Parroquial Mariano Moreno Azuay","publisher":{"@id":"https:\/\/marianomoreno.gob.ec\/azuay\/#organization"},"potentialAction":[{"@type":"SearchAction","target":{"@type":"EntryPoint","urlTemplate":"https:\/\/marianomoreno.gob.ec\/azuay\/?s={search_term_string}"},"query-input":{"@type":"PropertyValueSpecification","valueRequired":true,"valueName":"search_term_string"}}],"inLanguage":"es"},{"@type":"Organization","@id":"https:\/\/marianomoreno.gob.ec\/azuay\/#organization","name":"GAD Mariano Moreno Azuay","url":"https:\/\/marianomoreno.gob.ec\/azuay\/","logo":{"@type":"ImageObject","inLanguage":"es","@id":"https:\/\/marianomoreno.gob.ec\/azuay\/#\/schema\/logo\/image\/","url":"https:\/\/marianomoreno.gob.ec\/azuay\/wp-content\/uploads\/2020\/06\/logoFooter.png","contentUrl":"https:\/\/marianomoreno.gob.ec\/azuay\/wp-content\/uploads\/2020\/06\/logoFooter.png","width":200,"height":150,"caption":"GAD Mariano Moreno Azuay"},"image":{"@id":"https:\/\/marianomoreno.gob.ec\/azuay\/#\/schema\/logo\/image\/"}}]}},"_links":{"self":[{"href":"https:\/\/marianomoreno.gob.ec\/azuay\/wp-json\/wp\/v2\/pages\/890","targetHints":{"allow":["GET"]}}],"collection":[{"href":"https:\/\/marianomoreno.gob.ec\/azuay\/wp-json\/wp\/v2\/pages"}],"about":[{"href":"https:\/\/marianomoreno.gob.ec\/azuay\/wp-json\/wp\/v2\/types\/page"}],"author":[{"embeddable":true,"href":"https:\/\/marianomoreno.gob.ec\/azuay\/wp-json\/wp\/v2\/users\/6"}],"replies":[{"embeddable":true,"href":"https:\/\/marianomoreno.gob.ec\/azuay\/wp-json\/wp\/v2\/comments?post=890"}],"version-history":[{"count":13,"href":"https:\/\/marianomoreno.gob.ec\/azuay\/wp-json\/wp\/v2\/pages\/890\/revisions"}],"predecessor-version":[{"id":1521,"href":"https:\/\/marianomoreno.gob.ec\/azuay\/wp-json\/wp\/v2\/pages\/890\/revisions\/1521"}],"wp:attachment":[{"href":"https:\/\/marianomoreno.gob.ec\/azuay\/wp-json\/wp\/v2\/media?parent=890"}],"curies":[{"name":"wp","href":"https:\/\/api.w.org\/{rel}","templated":true}]}}